{"id":8585,"date":"2021-02-09T17:40:40","date_gmt":"2021-02-09T16:40:40","guid":{"rendered":"https:\/\/staging.esprit-cafe.ch\/?post_type=product&#038;p=8585"},"modified":"2023-03-28T09:09:08","modified_gmt":"2023-03-28T07:09:08","slug":"250g-de-arabica-selection-brasile-en-grains-en-boite","status":"publish","type":"product","link":"https:\/\/staging.esprit-cafe.ch\/it\/product\/250g-de-arabica-selection-brasile-en-grains-en-boite\/","title":{"rendered":"250 g di chicchi di Arabica Selection BRASILE in scatola"},"content":{"rendered":"<p>Durabilit\u00e9 bo\u00eete ouverte: 7 \u00e0 10 jours<\/p>\n<p>Durabilit\u00e9 bo\u00eete ferm\u00e9e: 18 mois<\/p>\n<h3 class=\"title\">LA PRESSURISATION: UNE EXCLUSIVIT\u00c9 ILLY<\/h3>\n<p>Lorsqu&#8217;il entre en contact avec l&#8217;air, le caf\u00e9 torr\u00e9fi\u00e9 perd en 8 heures jusqu&#8217;\u00e0 40% de ses ar\u00f4mes. Pour tenter de les pr\u00e9server, on utilise habituellement la mise sous vide, inefficace. illy fait appel depuis ses d\u00e9buts \u00e0 une autre technologie extr\u00eamement efficace, brevet\u00e9e et exclusive. Un gaz inerte, l&#8217;azote, est introduit sous pression dans les bo\u00eetes illy. Les ar\u00f4mes sont ainsi emprisonn\u00e9s, fix\u00e9s et pr\u00e9serv\u00e9s pendant longtemps. A l&#8217;instar d&#8217;un bon vin, le caf\u00e9 conditionn\u00e9 dans les bo\u00eetes illy s&#8217;affine, sa rondeur se d\u00e9veloppe et il dure plus longtemps. L&#8217;azote n&#8217;est pas un additif, il se dissout imm\u00e9diatement \u00e0 l&#8217;ouverture de la bo\u00eete.<\/p>","protected":false},"excerpt":{"rendered":"<h2 class=\"overlap-title\">Gusto intenso<\/h2>\n<p class=\"tasting-notes\">Negli altopiani del Brasile sud-orientale si coltiva un caff\u00e8 Arabica dall'aroma intenso e rotondo, con forti note di caramello, che noi esaltiamo con un nuovo profilo di tostatura dedicato.<\/p>\n<p><strong>Bo\u00eete de 250g de caf\u00e9 en grains<\/strong><\/p>","protected":false},"featured_media":8573,"template":"","meta":{"inline_featured_image":false},"product_cat":[135,140],"product_tag":[],"_links":{"self":[{"href":"https:\/\/staging.esprit-cafe.ch\/it\/wp-json\/wp\/v2\/product\/8585"}],"collection":[{"href":"https:\/\/staging.esprit-cafe.ch\/it\/wp-json\/wp\/v2\/product"}],"about":[{"href":"https:\/\/staging.esprit-cafe.ch\/it\/wp-json\/wp\/v2\/types\/product"}],"version-history":[{"count":0,"href":"https:\/\/staging.esprit-cafe.ch\/it\/wp-json\/wp\/v2\/product\/8585\/revisions"}],"wp:featuredmedia":[{"embeddable":true,"href":"https:\/\/staging.esprit-cafe.ch\/it\/wp-json\/wp\/v2\/media\/8573"}],"wp:attachment":[{"href":"https:\/\/staging.esprit-cafe.ch\/it\/wp-json\/wp\/v2\/media?parent=8585"}],"wp:term":[{"taxonomy":"product_cat","embeddable":true,"href":"https:\/\/staging.esprit-cafe.ch\/it\/wp-json\/wp\/v2\/product_cat?post=8585"},{"taxonomy":"product_tag","embeddable":true,"href":"https:\/\/staging.esprit-cafe.ch\/it\/wp-json\/wp\/v2\/product_tag?post=8585"}],"curies":[{"name":"wp","href":"https:\/\/api.w.org\/{rel}","templated":true}]}}