{"id":8251,"date":"2020-12-14T16:05:36","date_gmt":"2020-12-14T15:05:36","guid":{"rendered":"https:\/\/staging.esprit-cafe.ch\/?post_type=product&#038;p=8251"},"modified":"2023-03-27T22:57:35","modified_gmt":"2023-03-27T20:57:35","slug":"tisane-du-berger-24-sachets-cristal-suremballes","status":"publish","type":"product","link":"https:\/\/staging.esprit-cafe.ch\/it\/product\/tisane-du-berger-24-sachets-cristal-suremballes\/","title":{"rendered":"TISANE DU BERGER, 24 SACHETS CRISTAL\u00ae SUREMBALL\u00c9S"},"content":{"rendered":"<h3>Suggerimenti per la preparazione<\/h3>\n<p>INFUSION: 6 mn<br \/>\nTEMP\u00c9RATURE: 100\u00b0C<\/p>","protected":false},"excerpt":{"rendered":"<p>D\u00e9licat, parfum\u00e9 et aromatique, ce cocktail de plantes \u00e0 infuser, rassemble toutes les vertus du tilleul, de la verveine, de la citronnelle, de la menthe et de la fleur d&#8217;oranger. Une harmonie de saveurs \u00e0 d\u00e9couvrir absolument. Poids net: 43 g<\/p>\n<p>Note dominante : Menth\u00e9e \/ V\u00e9g\u00e9tale<br \/>\nType(s) d&#8217;infusion(s) : Tisane<br \/>\nSaveur principale : Menthe<br \/>\nSaveur(s) compl\u00e9mentaire(s) : Verveine, Tilleul<\/p>","protected":false},"featured_media":8256,"template":"","meta":{"inline_featured_image":false},"product_cat":[185,176],"product_tag":[],"_links":{"self":[{"href":"https:\/\/staging.esprit-cafe.ch\/it\/wp-json\/wp\/v2\/product\/8251"}],"collection":[{"href":"https:\/\/staging.esprit-cafe.ch\/it\/wp-json\/wp\/v2\/product"}],"about":[{"href":"https:\/\/staging.esprit-cafe.ch\/it\/wp-json\/wp\/v2\/types\/product"}],"version-history":[{"count":0,"href":"https:\/\/staging.esprit-cafe.ch\/it\/wp-json\/wp\/v2\/product\/8251\/revisions"}],"wp:featuredmedia":[{"embeddable":true,"href":"https:\/\/staging.esprit-cafe.ch\/it\/wp-json\/wp\/v2\/media\/8256"}],"wp:attachment":[{"href":"https:\/\/staging.esprit-cafe.ch\/it\/wp-json\/wp\/v2\/media?parent=8251"}],"wp:term":[{"taxonomy":"product_cat","embeddable":true,"href":"https:\/\/staging.esprit-cafe.ch\/it\/wp-json\/wp\/v2\/product_cat?post=8251"},{"taxonomy":"product_tag","embeddable":true,"href":"https:\/\/staging.esprit-cafe.ch\/it\/wp-json\/wp\/v2\/product_tag?post=8251"}],"curies":[{"name":"wp","href":"https:\/\/api.w.org\/{rel}","templated":true}]}}