{"id":7521,"date":"2020-10-05T18:01:52","date_gmt":"2020-10-05T16:01:52","guid":{"rendered":"https:\/\/staging.esprit-cafe.ch\/?post_type=product&#038;p=7521"},"modified":"2023-03-27T23:26:11","modified_gmt":"2023-03-27T21:26:11","slug":"10-capsules-compatibles-intenso","status":"publish","type":"product","link":"https:\/\/staging.esprit-cafe.ch\/it\/product\/10-capsules-compatibles-intenso\/","title":{"rendered":"10 capsule compatibili - INTENSO"},"content":{"rendered":"<h4>Un blend unique, plusieurs intensit\u00e9s.<\/h4>\n<p>D\u00e9couvrez toutes les nuances du blend unique illy 100% Arabica, aujourd\u2019hui disponible en capsules de caf\u00e9 en aluminium compatibles avec les machines \u00e0 caf\u00e9 Nespresso\u00ae*.<\/p>","protected":false},"excerpt":{"rendered":"<p>Le caf\u00e9 torr\u00e9faction intense a un go\u00fbt profond et cors\u00e9. Il exprime une l\u00e9g\u00e8re amertume, avec des notes vives de cacao et de fruits secs. Pour le savourer pleinement, nous conseillons un volume en tasse entre 25 et 40 ml.<\/p>","protected":false},"featured_media":7517,"template":"","meta":{"inline_featured_image":false},"product_cat":[135,139,181],"product_tag":[],"_links":{"self":[{"href":"https:\/\/staging.esprit-cafe.ch\/it\/wp-json\/wp\/v2\/product\/7521"}],"collection":[{"href":"https:\/\/staging.esprit-cafe.ch\/it\/wp-json\/wp\/v2\/product"}],"about":[{"href":"https:\/\/staging.esprit-cafe.ch\/it\/wp-json\/wp\/v2\/types\/product"}],"version-history":[{"count":0,"href":"https:\/\/staging.esprit-cafe.ch\/it\/wp-json\/wp\/v2\/product\/7521\/revisions"}],"wp:featuredmedia":[{"embeddable":true,"href":"https:\/\/staging.esprit-cafe.ch\/it\/wp-json\/wp\/v2\/media\/7517"}],"wp:attachment":[{"href":"https:\/\/staging.esprit-cafe.ch\/it\/wp-json\/wp\/v2\/media?parent=7521"}],"wp:term":[{"taxonomy":"product_cat","embeddable":true,"href":"https:\/\/staging.esprit-cafe.ch\/it\/wp-json\/wp\/v2\/product_cat?post=7521"},{"taxonomy":"product_tag","embeddable":true,"href":"https:\/\/staging.esprit-cafe.ch\/it\/wp-json\/wp\/v2\/product_tag?post=7521"}],"curies":[{"name":"wp","href":"https:\/\/api.w.org\/{rel}","templated":true}]}}