{"id":6847,"date":"2020-08-11T11:36:27","date_gmt":"2020-08-11T09:36:27","guid":{"rendered":"https:\/\/staging.esprit-cafe.ch\/?post_type=product&#038;p=6847"},"modified":"2023-03-19T23:42:38","modified_gmt":"2023-03-19T22:42:38","slug":"x7-1-mie-noir","status":"publish","type":"product","link":"https:\/\/staging.esprit-cafe.ch\/it\/product\/x7-1-mie-noir\/","title":{"rendered":"X7.1 MIE nero"},"content":{"rendered":"<p>CARATTERISTICHE TECNICHE<\/p>\n<ul>\n<li>Dimensioni: 28 x 28 x 31 cm<\/li>\n<li>Capacit\u00e0 del serbatoio: 1,2 litri<\/li>\n<li>Peso: 6 kg<\/li>\n<li>Puissance: maximum 1&#8217;050 Watt<\/li>\n<li>Garanzia: 2 anni<\/li>\n<li>Funzione vapore e acqua calda<\/li>\n<li>Funzione di riscaldamento delle tazze<\/li>\n<li>Stand-by<\/li>\n<li>Programmazione della lunghezza del caff\u00e8<\/li>\n<li>Cassa di plastica<\/li>\n<\/ul>","protected":false},"excerpt":{"rendered":"<p><strong>Sistema a capsule MIE (Metodo Iperespresso)<\/strong><\/p>\n<p>L'X7.1 consente di creare la propria\u00a0<strong>un espresso perfetto<\/strong>, comme s&#8217;il avait \u00e9t\u00e9 pr\u00e9par\u00e9 par un barista professionnel. Il suffit de placer la capsule Metodo Iperespresso (MIE) dans le logement pr\u00e9vu \u00e0 cet effet, choisir le volume de la tasse et de d\u00e9marrer le processus d&#8217;infusion par simple pression sur un bouton.<\/p>\n<p>Lors de la mise au point de l&#8217;appareil, la confection d&#8217;un espresso a fait l&#8217;objet d&#8217;une \u00e9tude approfondie dans les moindres d\u00e9tails. Le r\u00e9sultat de ces \u00e9tudes a pris la forme d&#8217;une machine qui optimise les avantages de la\u00a0<strong>Capsula Iperespresso<\/strong>\u00a0nel miglior modo possibile.<\/p>\n<p><strong>Ogni macchina viene fornita con un set di degustazione di capsule Amici Caff\u00e8.<\/strong><\/p>","protected":false},"featured_media":6848,"template":"","meta":{"inline_featured_image":false},"product_cat":[137,143,150],"product_tag":[],"_links":{"self":[{"href":"https:\/\/staging.esprit-cafe.ch\/it\/wp-json\/wp\/v2\/product\/6847"}],"collection":[{"href":"https:\/\/staging.esprit-cafe.ch\/it\/wp-json\/wp\/v2\/product"}],"about":[{"href":"https:\/\/staging.esprit-cafe.ch\/it\/wp-json\/wp\/v2\/types\/product"}],"version-history":[{"count":0,"href":"https:\/\/staging.esprit-cafe.ch\/it\/wp-json\/wp\/v2\/product\/6847\/revisions"}],"wp:featuredmedia":[{"embeddable":true,"href":"https:\/\/staging.esprit-cafe.ch\/it\/wp-json\/wp\/v2\/media\/6848"}],"wp:attachment":[{"href":"https:\/\/staging.esprit-cafe.ch\/it\/wp-json\/wp\/v2\/media?parent=6847"}],"wp:term":[{"taxonomy":"product_cat","embeddable":true,"href":"https:\/\/staging.esprit-cafe.ch\/it\/wp-json\/wp\/v2\/product_cat?post=6847"},{"taxonomy":"product_tag","embeddable":true,"href":"https:\/\/staging.esprit-cafe.ch\/it\/wp-json\/wp\/v2\/product_tag?post=6847"}],"curies":[{"name":"wp","href":"https:\/\/api.w.org\/{rel}","templated":true}]}}