{"id":6839,"date":"2020-08-10T21:53:19","date_gmt":"2020-08-10T19:53:19","guid":{"rendered":"https:\/\/staging.esprit-cafe.ch\/?post_type=product&#038;p=6839"},"modified":"2023-03-27T16:22:40","modified_gmt":"2023-03-27T14:22:40","slug":"x1-anniversary-rouge","status":"publish","type":"product","link":"https:\/\/staging.esprit-cafe.ch\/it\/product\/x1-anniversary-rouge\/","title":{"rendered":"X1 Anniversary rouge"},"content":{"rendered":"<p>CARATTERISTICHE TECNICHE<\/p>\n<ul>\n<li>Design: Luca Trazzi<\/li>\n<li>Dimensions: Largeur 26 cm \u2013 Profondeur 25 cm \u2013 Hauteur 33 cm<\/li>\n<li>Capacit\u00e9 du r\u00e9servoir: 1 litre<\/li>\n<li>Poids: 9 kg<\/li>\n<li>Puissance: maximum 1&#8217;050 Watt<\/li>\n<\/ul>\n<p>&nbsp;<\/p>\n<p class=\"page-product-heading\">FICHE TECHNIQUE<\/p>\n<table class=\"table-data-sheet\">\n<tbody>\n<tr class=\"odd\">\n<td>Fonction vapeur<\/td>\n<td>Oui<\/td>\n<\/tr>\n<tr class=\"even\">\n<td>Chauffe-tasse<\/td>\n<td>Oui<\/td>\n<\/tr>\n<tr class=\"odd\">\n<td>Porte-filtre<\/td>\n<td>Oui<\/td>\n<\/tr>\n<tr class=\"even\">\n<td>Mat\u00e9riel<\/td>\n<td>Acier\/Aluminum<\/td>\n<\/tr>\n<tr class=\"odd\">\n<td>Programmation de la longueur du caf\u00e9<\/td>\n<td>Oui<\/td>\n<\/tr>\n<\/tbody>\n<\/table>","protected":false},"excerpt":{"rendered":"<p><strong>Sy<\/strong><strong>st\u00e8me \u00e0 capsules MIE de Amici Caff\u00e8.<\/strong><\/p>\n<p>La plus iconique des machines \u00e0 espresso Amici souffle cette ann\u00e9e ses 20 bougies. Et pour c\u00e9l\u00e9brer cet important\u00a0<strong>anniversaire<\/strong>, son cr\u00e9ateur, le designer Luca Trazzi, a imagin\u00e9 une nouvelle \u00e9dition de cette pi\u00e8ce mythique.<\/p>\n<p><strong>Ogni macchina viene fornita con un set di degustazione di capsule Amici Caff\u00e8.<\/strong><\/p>","protected":false},"featured_media":6840,"template":"","meta":{"inline_featured_image":false},"product_cat":[137,143,149],"product_tag":[],"_links":{"self":[{"href":"https:\/\/staging.esprit-cafe.ch\/it\/wp-json\/wp\/v2\/product\/6839"}],"collection":[{"href":"https:\/\/staging.esprit-cafe.ch\/it\/wp-json\/wp\/v2\/product"}],"about":[{"href":"https:\/\/staging.esprit-cafe.ch\/it\/wp-json\/wp\/v2\/types\/product"}],"version-history":[{"count":0,"href":"https:\/\/staging.esprit-cafe.ch\/it\/wp-json\/wp\/v2\/product\/6839\/revisions"}],"wp:featuredmedia":[{"embeddable":true,"href":"https:\/\/staging.esprit-cafe.ch\/it\/wp-json\/wp\/v2\/media\/6840"}],"wp:attachment":[{"href":"https:\/\/staging.esprit-cafe.ch\/it\/wp-json\/wp\/v2\/media?parent=6839"}],"wp:term":[{"taxonomy":"product_cat","embeddable":true,"href":"https:\/\/staging.esprit-cafe.ch\/it\/wp-json\/wp\/v2\/product_cat?post=6839"},{"taxonomy":"product_tag","embeddable":true,"href":"https:\/\/staging.esprit-cafe.ch\/it\/wp-json\/wp\/v2\/product_tag?post=6839"}],"curies":[{"name":"wp","href":"https:\/\/api.w.org\/{rel}","templated":true}]}}