{"id":16127,"date":"2023-01-23T01:05:32","date_gmt":"2023-01-23T00:05:32","guid":{"rendered":"https:\/\/staging.esprit-cafe.ch\/?post_type=product&#038;p=16127"},"modified":"2023-01-23T01:14:30","modified_gmt":"2023-01-23T00:14:30","slug":"y3-3-iperespresso-bleu-clair-espresso-coffee","status":"publish","type":"product","link":"https:\/\/staging.esprit-cafe.ch\/it\/product\/y3-3-iperespresso-bleu-clair-espresso-coffee\/","title":{"rendered":"Y3.3 IPERESPRESSO AZZURRO ESPRESSO E CAFF\u00c8"},"content":{"rendered":"<div class=\"product-specifications\">\n<div class=\"specification-wrapper\">\n<div class=\"product-specifications__internal-wrapper\">\n<div class=\"row\">\n<div class=\"columns medium-6 small-12 product-specifications__item js-product-specification-item\">\n<p style=\"text-align: left;\"><strong>D\u00e9tails du produit<br \/>\n<\/strong><\/p>\n<ul>\n<li><span class=\"product-specifications__item-text\">Repose-Tasse Amovible Pour Mug<\/span><\/li>\n<li><span class=\"product-specifications__item-text\">\u00c9conomie D&#8217;\u00c9nergie<\/span><\/li>\n<li><span class=\"product-specifications__item-text\">Contr\u00f4le Du Volume Automatique<\/span><\/li>\n<li><span class=\"product-specifications__item-text\">D\u00e9tartrage Semi-Automatique<\/span><\/li>\n<li><span class=\"product-specifications__item-text\">Volume Programmable En Tasse<\/span><\/li>\n<\/ul>\n<p style=\"text-align: left;\"><strong>Caract\u00e9ristiques techniques<\/strong><\/p>\n<\/div>\n<\/div>\n<\/div>\n<\/div>\n<\/div>\n<div class=\"product-attributes\">\n<div class=\"row\">\n<div class=\"columns small-12\">\n<div class=\"product-attributes__internal-wrapper\">\n<div class=\"product-attributes__item\">\n<div class=\"row\">\n<div class=\"columns small-6\">\n<ul>\n<li>Pr\u00e9parations : Iperespresso<\/li>\n<li>Format : Capsules Iperespresso<\/li>\n<li>Longueur du cable d&#8217;alimentation :1 m<\/li>\n<li>Capacit\u00e9 du r\u00e9servoir \u00e0 eau : 0.75 L<\/li>\n<li>Dimensions : (cm) 10 x 29,8 x 25,4<\/li>\n<li>Contr\u00f4le du volume : Oui<\/li>\n<li>Scaldatazze: No<\/li>\n<li>Portabicchieri regolabile: S\u00ec<\/li>\n<li>Garanzia: 2 anni<\/li>\n<li>Tensione: 230 v<\/li>\n<li>R\u00e9cipient \u00e0 gouttes : Oui<\/li>\n<li>Carrozzeria: plastica<\/li>\n<li>\u00c9conomie d&#8217;\u00e9nergie :Oui<\/li>\n<li>Caratteristiche: Preparazione multipla<\/li>\n<\/ul>\n<\/div>\n<\/div>\n<\/div>\n<\/div>\n<\/div>\n<\/div>\n<\/div>","protected":false},"excerpt":{"rendered":"<p><strong>NOUVELLE Y3.3 IPERESPRESSO<\/strong><br \/>\nLa machine espresso Y3.3 a \u00e9t\u00e9 restyl\u00e9e par l&#8217;architecte Piero Lissoni,pour un r\u00e9sultat au top de la simplicit\u00e9 avec un design m\u00ealant ergonomie et lignes \u00e9pur\u00e9es.<br \/>\n<strong>SE FAIT UNE PLACE ENTRE TOUS VOS OBJETS PR\u00c9F\u00c9R\u00c9S.<\/strong><br \/>\nLa nouvelle machine \u00e0 caf\u00e9 Y3.3 iperespresso comblera ceux qui souhaitent combiner la qualit\u00e9 unique d\u2019un espresso illy avec un objet design au format compact.<br \/>\n<strong>FONCTIONNELLE ET SIMPLE D\u2019UTILISATION<\/strong><br \/>\nGr\u00e2ce aux capsules Iperespresso, elle vous permettra de pr\u00e9parer en toute simplicit\u00e9 un d\u00e9licieux espresso illy, aux ar\u00f4mes intenses et \u00e0 la cr\u00e8me onctueuse et persistante.<\/p>","protected":false},"featured_media":16082,"template":"","meta":{"inline_featured_image":false},"product_cat":[137,143,153],"product_tag":[],"_links":{"self":[{"href":"https:\/\/staging.esprit-cafe.ch\/it\/wp-json\/wp\/v2\/product\/16127"}],"collection":[{"href":"https:\/\/staging.esprit-cafe.ch\/it\/wp-json\/wp\/v2\/product"}],"about":[{"href":"https:\/\/staging.esprit-cafe.ch\/it\/wp-json\/wp\/v2\/types\/product"}],"version-history":[{"count":0,"href":"https:\/\/staging.esprit-cafe.ch\/it\/wp-json\/wp\/v2\/product\/16127\/revisions"}],"wp:featuredmedia":[{"embeddable":true,"href":"https:\/\/staging.esprit-cafe.ch\/it\/wp-json\/wp\/v2\/media\/16082"}],"wp:attachment":[{"href":"https:\/\/staging.esprit-cafe.ch\/it\/wp-json\/wp\/v2\/media?parent=16127"}],"wp:term":[{"taxonomy":"product_cat","embeddable":true,"href":"https:\/\/staging.esprit-cafe.ch\/it\/wp-json\/wp\/v2\/product_cat?post=16127"},{"taxonomy":"product_tag","embeddable":true,"href":"https:\/\/staging.esprit-cafe.ch\/it\/wp-json\/wp\/v2\/product_tag?post=16127"}],"curies":[{"name":"wp","href":"https:\/\/api.w.org\/{rel}","templated":true}]}}