{"id":12512,"date":"2022-10-09T20:44:35","date_gmt":"2022-10-09T18:44:35","guid":{"rendered":"https:\/\/staging.esprit-cafe.ch\/?post_type=product&#038;p=12512"},"modified":"2023-03-24T12:17:55","modified_gmt":"2023-03-24T11:17:55","slug":"x1-anniversary-noir-ese-ground-machine-a-cafe-moulu-et-dosettes-e-s-e-moulin-a-cafe","status":"publish","type":"product","link":"https:\/\/staging.esprit-cafe.ch\/it\/product\/x1-anniversary-noir-ese-ground-machine-a-cafe-moulu-et-dosettes-e-s-e-moulin-a-cafe\/","title":{"rendered":"X1 Anniversary Black ESE &amp; Ground - Macchina da caff\u00e8 E.S.E. e cialde + macinino"},"content":{"rendered":"<p>CARATTERISTICHE TECNICHE<\/p>\n<ul>\n<li>Preparazioni: Espresso macinato \/ Cialde E.S.E.<\/li>\n<li>Formato: espresso macinato \/ cialde E.S.E.<\/li>\n<li>Longueur du cable d&#8217;alimentation : 1 m<\/li>\n<li>Capacit\u00e0 del serbatoio dell'acqua: 1 L<\/li>\n<li>Dimensioni: (cm) 26 x 25 x 33<\/li>\n<li>Controllo del volume: automatico<\/li>\n<li>Scaldatazze: No<\/li>\n<li>Portabicchieri regolabile: S\u00ec<\/li>\n<li>Garanzia: 2 anni<\/li>\n<li>Tensione: 230 v<\/li>\n<li>Carrozzeria: acciaio inox<\/li>\n<li>Emulsione di latte: Ugello di vapore<\/li>\n<li>\u00c9conomie d&#8217;\u00e9nergie : Oui<\/li>\n<li>Caratteristiche: Preparazione multipla<\/li>\n<\/ul>\n<p>SP\u00c9CIFICATIONS DU PRODUIT MOULIN \u00c0 CAF\u00c9<\/p>\n<ul>\n<li>Technologie silencieuse<\/li>\n<li>Syst\u00e8me ACE<\/li>\n<li>Espresso &amp; Brew<\/li>\n<li>Entretien ultra rapide<\/li>\n<li>R\u00e9glage microm\u00e9trique progressif brevet\u00e9<\/li>\n<li>Fourche mains libres<\/li>\n<li>RPM:1350<\/li>\n<li>Moulin \u00e0 caf\u00e9 pour toutes les pr\u00e9parations<\/li>\n<li style=\"list-style-type: none;\"><\/li>\n<\/ul>","protected":false},"excerpt":{"rendered":"<p><strong>Un kit parfait pour les amateurs de caf\u00e9 moulu<\/strong><\/p>\n<p>Une beaut\u00e9 renouvel\u00e9e -associ\u00e9e \u00e0 la durabilit\u00e9- pour atteindre la perfection. \u00c0 la recherche de l&#8217;espresso parfait, la machine X1 Anniversaire ESE&amp;Ground a \u00e9t\u00e9 lanc\u00e9e comme une nouvelle \u00e9tape d&#8217;illy dans les machines \u00e0 caf\u00e9. Con\u00e7u par Luca Trazzi, en r\u00e9f\u00e9rence au design industriel italien des ann\u00e9es 60, c&#8217;est l&#8217;outil indispensable pour devenir barista. Moulin \u00e0 caf\u00e9 Gr\u00e2ce \u00e0 la taille compacte du moulin \u00e0 caf\u00e9 Eureka Mignon Silenzio, le moulin se sent chez lui, m\u00eame dans la plus petite des cuisines. Gr\u00e2ce \u00e0 la minuterie r\u00e9glable et aux r\u00e9glages de mouture r\u00e9glables en continu, c&#8217;est le moulin \u00e0 caf\u00e9 parfait pour le barista \u00e0 la maison exigeant. Au bas de cette page, vous trouverez des informations plus d\u00e9taill\u00e9es et les sp\u00e9cifications des deux machines.<\/p>","protected":false},"featured_media":12537,"template":"","meta":{"inline_featured_image":false},"product_cat":[137,141],"product_tag":[],"_links":{"self":[{"href":"https:\/\/staging.esprit-cafe.ch\/it\/wp-json\/wp\/v2\/product\/12512"}],"collection":[{"href":"https:\/\/staging.esprit-cafe.ch\/it\/wp-json\/wp\/v2\/product"}],"about":[{"href":"https:\/\/staging.esprit-cafe.ch\/it\/wp-json\/wp\/v2\/types\/product"}],"version-history":[{"count":0,"href":"https:\/\/staging.esprit-cafe.ch\/it\/wp-json\/wp\/v2\/product\/12512\/revisions"}],"wp:featuredmedia":[{"embeddable":true,"href":"https:\/\/staging.esprit-cafe.ch\/it\/wp-json\/wp\/v2\/media\/12537"}],"wp:attachment":[{"href":"https:\/\/staging.esprit-cafe.ch\/it\/wp-json\/wp\/v2\/media?parent=12512"}],"wp:term":[{"taxonomy":"product_cat","embeddable":true,"href":"https:\/\/staging.esprit-cafe.ch\/it\/wp-json\/wp\/v2\/product_cat?post=12512"},{"taxonomy":"product_tag","embeddable":true,"href":"https:\/\/staging.esprit-cafe.ch\/it\/wp-json\/wp\/v2\/product_tag?post=12512"}],"curies":[{"name":"wp","href":"https:\/\/api.w.org\/{rel}","templated":true}]}}