{"id":11263,"date":"2022-07-25T10:17:28","date_gmt":"2022-07-25T08:17:28","guid":{"rendered":"https:\/\/staging.esprit-cafe.ch\/?post_type=product&#038;p=11263"},"modified":"2023-03-30T15:07:49","modified_gmt":"2023-03-30T13:07:49","slug":"18-cafe-en-capsules-mie-iperespresso-arabica-selection-india","status":"publish","type":"product","link":"https:\/\/staging.esprit-cafe.ch\/it\/product\/18-caffe-in-capsule-mie-iperespresso-selezione-arabica-india\/","title":{"rendered":"18 Caff\u00e8 in capsule MIE \/ Iperespresso Selezione Arabica INDIA"},"content":{"rendered":"<p>Durata della confezione aperta: da 7 a 10 giorni<\/p>\n<p>Durata della confezione chiusa: 18 mesi<\/p>","protected":false},"excerpt":{"rendered":"<h2 class=\"overlap-title\">Notes \u00e9pic\u00e9es &#8211; Cors\u00e9<\/h2>\n<p class=\"tasting-notes\">Sur la terre d&#8217;origine de toutes les \u00e9pices na\u00eet un Arabica riche en saveurs et en parfums, cors\u00e9 et tr\u00e8s aromatique aux notes de poivre noir et de chocolat noir extra.<\/p>\n<p><strong>Confezione da 18 capsule Iperespresso (120,6 g)<\/strong><\/p>","protected":false},"featured_media":11598,"template":"","meta":{"inline_featured_image":false},"product_cat":[135,139,183,179],"product_tag":[],"_links":{"self":[{"href":"https:\/\/staging.esprit-cafe.ch\/it\/wp-json\/wp\/v2\/product\/11263"}],"collection":[{"href":"https:\/\/staging.esprit-cafe.ch\/it\/wp-json\/wp\/v2\/product"}],"about":[{"href":"https:\/\/staging.esprit-cafe.ch\/it\/wp-json\/wp\/v2\/types\/product"}],"version-history":[{"count":0,"href":"https:\/\/staging.esprit-cafe.ch\/it\/wp-json\/wp\/v2\/product\/11263\/revisions"}],"wp:featuredmedia":[{"embeddable":true,"href":"https:\/\/staging.esprit-cafe.ch\/it\/wp-json\/wp\/v2\/media\/11598"}],"wp:attachment":[{"href":"https:\/\/staging.esprit-cafe.ch\/it\/wp-json\/wp\/v2\/media?parent=11263"}],"wp:term":[{"taxonomy":"product_cat","embeddable":true,"href":"https:\/\/staging.esprit-cafe.ch\/it\/wp-json\/wp\/v2\/product_cat?post=11263"},{"taxonomy":"product_tag","embeddable":true,"href":"https:\/\/staging.esprit-cafe.ch\/it\/wp-json\/wp\/v2\/product_tag?post=11263"}],"curies":[{"name":"wp","href":"https:\/\/api.w.org\/{rel}","templated":true}]}}