{"id":9954,"date":"2022-01-16T18:25:06","date_gmt":"2022-01-16T17:25:06","guid":{"rendered":"https:\/\/staging.esprit-cafe.ch\/?post_type=product&#038;p=9954"},"modified":"2023-03-17T16:17:54","modified_gmt":"2023-03-17T15:17:54","slug":"250g-de-cafe-en-grains-decafeine-en-boites","status":"publish","type":"product","link":"https:\/\/staging.esprit-cafe.ch\/en\/product\/250g-de-cafe-en-grains-decafeine-en-boites\/","title":{"rendered":"250g DECAFEINE coffee beans in tins"},"content":{"rendered":"<p>Open box durability: 7 to 10 days<\/p>\n<p>Durabilit\u00e9 ferm\u00e9e: 18 mois<\/p>\n<h3 class=\"title\">LA PRESSURISATION: UNE EXCLUSIVIT\u00c9 ILLY<\/h3>\n<p class=\"description\">\n<p>Lorsqu&#8217;il entre en contact avec l&#8217;air, le caf\u00e9 torr\u00e9fi\u00e9 perd en 8 heures jusqu&#8217;\u00e0 40% de ses ar\u00f4mes. Pour tenter de les pr\u00e9server, on utilise habituellement la mise sous vide, inefficace. illy fait appel depuis ses d\u00e9buts \u00e0 une autre technologie extr\u00eamement efficace, brevet\u00e9e et exclusive. Un gaz inerte, l&#8217;azote, est introduit sous pression dans les bo\u00eetes illy. Les ar\u00f4mes sont ainsi emprisonn\u00e9s, fix\u00e9s et pr\u00e9serv\u00e9s pendant longtemps. A l&#8217;instar d&#8217;un bon vin, le caf\u00e9 conditionn\u00e9 dans les bo\u00eetes illy s&#8217;affine, sa rondeur se d\u00e9veloppe et il dure plus longtemps. L&#8217;azote n&#8217;est pas un additif, il se dissout imm\u00e9diatement \u00e0 l&#8217;ouverture de la bo\u00eete.<\/p>","protected":false},"excerpt":{"rendered":"<h2 class=\"overlap-title\">Decaffeinated<\/h2>\n<p class=\"tasting-notes\">The unique illy blend retains all its characteristics and quality even in a decaffeinated version, with a caffeine content of no more than 0.1%.<\/p>\n<p><strong>250g tin of coffee beans<\/strong><\/p>","protected":false},"featured_media":17401,"template":"","meta":{"inline_featured_image":false},"product_cat":[135,140],"product_tag":[],"_links":{"self":[{"href":"https:\/\/staging.esprit-cafe.ch\/en\/wp-json\/wp\/v2\/product\/9954"}],"collection":[{"href":"https:\/\/staging.esprit-cafe.ch\/en\/wp-json\/wp\/v2\/product"}],"about":[{"href":"https:\/\/staging.esprit-cafe.ch\/en\/wp-json\/wp\/v2\/types\/product"}],"version-history":[{"count":0,"href":"https:\/\/staging.esprit-cafe.ch\/en\/wp-json\/wp\/v2\/product\/9954\/revisions"}],"wp:featuredmedia":[{"embeddable":true,"href":"https:\/\/staging.esprit-cafe.ch\/en\/wp-json\/wp\/v2\/media\/17401"}],"wp:attachment":[{"href":"https:\/\/staging.esprit-cafe.ch\/en\/wp-json\/wp\/v2\/media?parent=9954"}],"wp:term":[{"taxonomy":"product_cat","embeddable":true,"href":"https:\/\/staging.esprit-cafe.ch\/en\/wp-json\/wp\/v2\/product_cat?post=9954"},{"taxonomy":"product_tag","embeddable":true,"href":"https:\/\/staging.esprit-cafe.ch\/en\/wp-json\/wp\/v2\/product_tag?post=9954"}],"curies":[{"name":"wp","href":"https:\/\/api.w.org\/{rel}","templated":true}]}}