{"id":8633,"date":"2021-02-11T14:33:07","date_gmt":"2021-02-11T13:33:07","guid":{"rendered":"https:\/\/staging.esprit-cafe.ch\/?post_type=product&#038;p=8633"},"modified":"2023-03-16T10:06:14","modified_gmt":"2023-03-16T09:06:14","slug":"216-portions-e-s-e-lungo-en-emballage-individuel","status":"publish","type":"product","link":"https:\/\/staging.esprit-cafe.ch\/en\/product\/216-portions-e-s-e-lungo-en-emballage-individuel\/","title":{"rendered":"Box of 216 E.S.E. Lungo pods in individual packaging"},"content":{"rendered":"<p>Durabilit\u00e9 portion ouverte: 1 &#8211; 2 jour<\/p>\n<p>Durability closed unit: 18 months.<\/p>","protected":false},"excerpt":{"rendered":"<p><strong>Dosettes (E.S.E.) portions en papier EASY SERVING ESPRESSO \u2013 la portion \u00e9cologique<\/strong><\/p>\n<h4 class=\"overlap-title\"><strong>Notes aromatiques<\/strong><\/h4>\n<p class=\"tasting-notes\">Con\u00e7u pour la pr\u00e9paration d&#8217;un caf\u00e9 long, l\u2019unique blend illy 100% Arabica conserve le m\u00eame profil aromatique du CLASSICO avec une saveur douce et \u00e9quilibr\u00e9e, agr\u00e9ment\u00e9e par les notes exquises de caramel, de chocolat, de pain grill\u00e9 et de subtiles notes florales.<br \/>\nId\u00e9al pour ceux qui pr\u00e9f\u00e8rent plus de volume dans la tasse. Pour le savourer au mieux, nous vous conseillons un volume de tasse compris entre 60 et 80 ml.<\/p>\n<p><strong>Carton de 12 bo\u00eete de 18 dosettes E.S.E. (131g)<\/strong><\/p>","protected":false},"featured_media":17346,"template":"","meta":{"inline_featured_image":false},"product_cat":[135,138],"product_tag":[],"_links":{"self":[{"href":"https:\/\/staging.esprit-cafe.ch\/en\/wp-json\/wp\/v2\/product\/8633"}],"collection":[{"href":"https:\/\/staging.esprit-cafe.ch\/en\/wp-json\/wp\/v2\/product"}],"about":[{"href":"https:\/\/staging.esprit-cafe.ch\/en\/wp-json\/wp\/v2\/types\/product"}],"version-history":[{"count":0,"href":"https:\/\/staging.esprit-cafe.ch\/en\/wp-json\/wp\/v2\/product\/8633\/revisions"}],"wp:featuredmedia":[{"embeddable":true,"href":"https:\/\/staging.esprit-cafe.ch\/en\/wp-json\/wp\/v2\/media\/17346"}],"wp:attachment":[{"href":"https:\/\/staging.esprit-cafe.ch\/en\/wp-json\/wp\/v2\/media?parent=8633"}],"wp:term":[{"taxonomy":"product_cat","embeddable":true,"href":"https:\/\/staging.esprit-cafe.ch\/en\/wp-json\/wp\/v2\/product_cat?post=8633"},{"taxonomy":"product_tag","embeddable":true,"href":"https:\/\/staging.esprit-cafe.ch\/en\/wp-json\/wp\/v2\/product_tag?post=8633"}],"curies":[{"name":"wp","href":"https:\/\/api.w.org\/{rel}","templated":true}]}}