{"id":7225,"date":"2020-08-13T21:31:49","date_gmt":"2020-08-13T19:31:49","guid":{"rendered":"https:\/\/staging.esprit-cafe.ch\/?post_type=product&#038;p=7225"},"modified":"2023-01-27T10:15:26","modified_gmt":"2023-01-27T09:15:26","slug":"vanille-24-sachets-cristal-suremballes","status":"publish","type":"product","link":"https:\/\/staging.esprit-cafe.ch\/en\/product\/vanille-24-sachets-cristal-suremballes\/","title":{"rendered":"THE BLACK - VANILLA, 24 CRYSTAL SACHETS\u00ae, OVERWRAPPED"},"content":{"rendered":"<h3>Preparation suggestions<\/h3>\n<p>TEMPERATURE: 90\u00b0C<\/p>","protected":false},"excerpt":{"rendered":"<p>Sa tasse douce, l\u00e9g\u00e8rement sucr\u00e9e d\u00e9livre des notes biscuit\u00e9es. Avec un trait de lait, une tasse velout\u00e9e et gourmande. Bo\u00eete de 24 sachets Cristal\u00ae suremball\u00e9s. Poids net : 48 g<\/p>\n<p>Dominant note : Notes Gourmandes<br \/>\nType(s) d&#8217;infusion(s) : Th\u00e9 noir<br \/>\nSaveur principale : Vanille<\/p>","protected":false},"featured_media":13023,"template":"","meta":{"inline_featured_image":false},"product_cat":[136,171],"product_tag":[],"_links":{"self":[{"href":"https:\/\/staging.esprit-cafe.ch\/en\/wp-json\/wp\/v2\/product\/7225"}],"collection":[{"href":"https:\/\/staging.esprit-cafe.ch\/en\/wp-json\/wp\/v2\/product"}],"about":[{"href":"https:\/\/staging.esprit-cafe.ch\/en\/wp-json\/wp\/v2\/types\/product"}],"version-history":[{"count":0,"href":"https:\/\/staging.esprit-cafe.ch\/en\/wp-json\/wp\/v2\/product\/7225\/revisions"}],"wp:featuredmedia":[{"embeddable":true,"href":"https:\/\/staging.esprit-cafe.ch\/en\/wp-json\/wp\/v2\/media\/13023"}],"wp:attachment":[{"href":"https:\/\/staging.esprit-cafe.ch\/en\/wp-json\/wp\/v2\/media?parent=7225"}],"wp:term":[{"taxonomy":"product_cat","embeddable":true,"href":"https:\/\/staging.esprit-cafe.ch\/en\/wp-json\/wp\/v2\/product_cat?post=7225"},{"taxonomy":"product_tag","embeddable":true,"href":"https:\/\/staging.esprit-cafe.ch\/en\/wp-json\/wp\/v2\/product_tag?post=7225"}],"curies":[{"name":"wp","href":"https:\/\/api.w.org\/{rel}","templated":true}]}}