{"id":7195,"date":"2020-08-13T17:42:19","date_gmt":"2020-08-13T15:42:19","guid":{"rendered":"https:\/\/staging.esprit-cafe.ch\/?post_type=product&#038;p=7195"},"modified":"2023-03-30T14:17:54","modified_gmt":"2023-03-30T12:17:54","slug":"darjeeling-24-sachets-cristal-suremballes","status":"publish","type":"product","link":"https:\/\/staging.esprit-cafe.ch\/en\/product\/darjeeling-24-sachets-cristal-suremballes\/","title":{"rendered":"THE NOIR - DARJEELING, 24 CRYSTAL\u00ae PACKETS"},"content":{"rendered":"<p>Dominant note : Nature<br \/>\nType(s) d&#8217;infusion(s) : Th\u00e9 noir<\/p>\n<h3>Preparation suggestions<\/h3>\n<p>INFUSION: 3\/5 mn<br \/>\nTEMP\u00c9RATURE : 90\u00b0C<\/p>","protected":false},"excerpt":{"rendered":"<p>Th\u00e9 d&#8217;\u00e9t\u00e9 de Darjeeling, il m\u00eale des feuilles en provenance de diff\u00e9rents jardins. Son infusion lib\u00e8re une liqueur bien \u00e9quilibr\u00e9e \u00e0 la saveur d\u00e9licate d\u2019amande et de p\u00eache m\u00fbre. Bo\u00eete de 24 sachets Cristal\u00ae suremball\u00e9s. Poids net : 48 g<\/p>","protected":false},"featured_media":12980,"template":"","meta":{"inline_featured_image":false},"product_cat":[136,171],"product_tag":[],"_links":{"self":[{"href":"https:\/\/staging.esprit-cafe.ch\/en\/wp-json\/wp\/v2\/product\/7195"}],"collection":[{"href":"https:\/\/staging.esprit-cafe.ch\/en\/wp-json\/wp\/v2\/product"}],"about":[{"href":"https:\/\/staging.esprit-cafe.ch\/en\/wp-json\/wp\/v2\/types\/product"}],"version-history":[{"count":0,"href":"https:\/\/staging.esprit-cafe.ch\/en\/wp-json\/wp\/v2\/product\/7195\/revisions"}],"wp:featuredmedia":[{"embeddable":true,"href":"https:\/\/staging.esprit-cafe.ch\/en\/wp-json\/wp\/v2\/media\/12980"}],"wp:attachment":[{"href":"https:\/\/staging.esprit-cafe.ch\/en\/wp-json\/wp\/v2\/media?parent=7195"}],"wp:term":[{"taxonomy":"product_cat","embeddable":true,"href":"https:\/\/staging.esprit-cafe.ch\/en\/wp-json\/wp\/v2\/product_cat?post=7195"},{"taxonomy":"product_tag","embeddable":true,"href":"https:\/\/staging.esprit-cafe.ch\/en\/wp-json\/wp\/v2\/product_tag?post=7195"}],"curies":[{"name":"wp","href":"https:\/\/api.w.org\/{rel}","templated":true}]}}