{"id":6942,"date":"2020-08-11T16:58:03","date_gmt":"2020-08-11T14:58:03","guid":{"rendered":"https:\/\/staging.esprit-cafe.ch\/?post_type=product&#038;p=6942"},"modified":"2023-03-16T10:07:15","modified_gmt":"2023-03-16T09:07:15","slug":"216-portions-e-s-e-decafeine-en-emballage-individuel","status":"publish","type":"product","link":"https:\/\/staging.esprit-cafe.ch\/en\/product\/216-portions-e-s-e-decafeine-en-emballage-individuel\/","title":{"rendered":"Box of 216 E.S.E. Decaffeinated pods in individual packaging"},"content":{"rendered":"<p>Durabilit\u00e9 portion ouverte: 1 &#8211; 2 jour<\/p>\n<p>Durability closed unit: 18 months<\/p>","protected":false},"excerpt":{"rendered":"<p><strong>Dosettes (E.S.E.) portions en papier EASY SERVING ESPRESSO \u2013 la portion \u00e9cologique<\/strong><\/p>\n<h4 class=\"overlap-title\"><strong>Format D\u00e9caf\u00e9in\u00e9<\/strong><\/h4>\n<p class=\"tasting-notes\">Toutes les saveurs et les ar\u00f4mes de la torr\u00e9faction moyenne, avec la caffeine non sup\u00e9rieur \u00e0 0,1%.<\/p>\n<p><strong>Carton de 12 bo\u00eete de 18 dosettes E.S.E. (131g)<\/strong><\/p>","protected":false},"featured_media":17349,"template":"","meta":{"inline_featured_image":false},"product_cat":[135,138],"product_tag":[],"_links":{"self":[{"href":"https:\/\/staging.esprit-cafe.ch\/en\/wp-json\/wp\/v2\/product\/6942"}],"collection":[{"href":"https:\/\/staging.esprit-cafe.ch\/en\/wp-json\/wp\/v2\/product"}],"about":[{"href":"https:\/\/staging.esprit-cafe.ch\/en\/wp-json\/wp\/v2\/types\/product"}],"version-history":[{"count":0,"href":"https:\/\/staging.esprit-cafe.ch\/en\/wp-json\/wp\/v2\/product\/6942\/revisions"}],"wp:featuredmedia":[{"embeddable":true,"href":"https:\/\/staging.esprit-cafe.ch\/en\/wp-json\/wp\/v2\/media\/17349"}],"wp:attachment":[{"href":"https:\/\/staging.esprit-cafe.ch\/en\/wp-json\/wp\/v2\/media?parent=6942"}],"wp:term":[{"taxonomy":"product_cat","embeddable":true,"href":"https:\/\/staging.esprit-cafe.ch\/en\/wp-json\/wp\/v2\/product_cat?post=6942"},{"taxonomy":"product_tag","embeddable":true,"href":"https:\/\/staging.esprit-cafe.ch\/en\/wp-json\/wp\/v2\/product_tag?post=6942"}],"curies":[{"name":"wp","href":"https:\/\/api.w.org\/{rel}","templated":true}]}}