{"id":6930,"date":"2020-08-11T16:51:35","date_gmt":"2020-08-11T14:51:35","guid":{"rendered":"https:\/\/staging.esprit-cafe.ch\/?post_type=product&#038;p=6930"},"modified":"2023-03-28T17:21:40","modified_gmt":"2023-03-28T15:21:40","slug":"18-portions-e-s-e-espresso-en-emballage-individuel","status":"publish","type":"product","link":"https:\/\/staging.esprit-cafe.ch\/en\/product\/18-portions-e-s-e-espresso-en-emballage-individuel\/","title":{"rendered":"18 pods E.S.E. Espresso in individual packaging"},"content":{"rendered":"<p>Durabilit\u00e9 portion ouverte: 1 &#8211; 2 jour<\/p>\n<p>Durability closed unit: 18 months<\/p>\n<p>L&#8217;Espresso parfait coule pour environ 30 secondes avec un volume de 25-30ml.<\/p>","protected":false},"excerpt":{"rendered":"<p><strong>Dosettes (E.S.E.) portions en papier EASY SERVING ESPRESSO \u2013 la portion \u00e9cologique<\/strong><\/p>\n<h4 class=\"overlap-title\"><strong>Torr\u00e9faction Classique<\/strong><\/h4>\n<p class=\"tasting-notes\">Une saveur douce et \u00e9quilibr\u00e9e agr\u00e9ment\u00e9e par les notes exquises de caramel, de chocolat, de pain grill\u00e9 et de subtiles notes florales.<\/p>\n<p><strong>Bo\u00eete de 18 dosettes E.S.E. (131g)<\/strong><\/p>","protected":false},"featured_media":17344,"template":"","meta":{"inline_featured_image":false},"product_cat":[135,138],"product_tag":[],"_links":{"self":[{"href":"https:\/\/staging.esprit-cafe.ch\/en\/wp-json\/wp\/v2\/product\/6930"}],"collection":[{"href":"https:\/\/staging.esprit-cafe.ch\/en\/wp-json\/wp\/v2\/product"}],"about":[{"href":"https:\/\/staging.esprit-cafe.ch\/en\/wp-json\/wp\/v2\/types\/product"}],"version-history":[{"count":0,"href":"https:\/\/staging.esprit-cafe.ch\/en\/wp-json\/wp\/v2\/product\/6930\/revisions"}],"wp:featuredmedia":[{"embeddable":true,"href":"https:\/\/staging.esprit-cafe.ch\/en\/wp-json\/wp\/v2\/media\/17344"}],"wp:attachment":[{"href":"https:\/\/staging.esprit-cafe.ch\/en\/wp-json\/wp\/v2\/media?parent=6930"}],"wp:term":[{"taxonomy":"product_cat","embeddable":true,"href":"https:\/\/staging.esprit-cafe.ch\/en\/wp-json\/wp\/v2\/product_cat?post=6930"},{"taxonomy":"product_tag","embeddable":true,"href":"https:\/\/staging.esprit-cafe.ch\/en\/wp-json\/wp\/v2\/product_tag?post=6930"}],"curies":[{"name":"wp","href":"https:\/\/api.w.org\/{rel}","templated":true}]}}