{"id":6871,"date":"2020-08-11T12:01:39","date_gmt":"2020-08-11T10:01:39","guid":{"rendered":"https:\/\/staging.esprit-cafe.ch\/?post_type=product&#038;p=6871"},"modified":"2023-01-23T00:55:35","modified_gmt":"2023-01-22T23:55:35","slug":"y3-2-mie-ec-rouge","status":"publish","type":"product","link":"https:\/\/staging.esprit-cafe.ch\/en\/product\/y3-2-mie-ec-rouge\/","title":{"rendered":"Y3.3 IPERESPRESSO RED ESPRESSO &amp; COFFEE"},"content":{"rendered":"<div class=\"product-specifications\">\n<div class=\"specification-wrapper\">\n<div class=\"product-specifications__internal-wrapper\">\n<div class=\"row\">\n<div class=\"columns medium-6 small-12 product-specifications__item js-product-specification-item\">\n<p style=\"text-align: left;\"><strong>Product details<br \/>\n<\/strong><\/p>\n<ul>\n<li><span class=\"product-specifications__item-text\">Removable Mug Rest<\/span><\/li>\n<li><span class=\"product-specifications__item-text\">\u00c9conomie D&#8217;\u00c9nergie<\/span><\/li>\n<li><span class=\"product-specifications__item-text\">Automatic Volume Control<\/span><\/li>\n<li><span class=\"product-specifications__item-text\">Semi-Automatic Descaling<\/span><\/li>\n<li><span class=\"product-specifications__item-text\">Programmable Volume In Cup<\/span><\/li>\n<\/ul>\n<p style=\"text-align: left;\"><strong>Technical specifications<\/strong><\/p>\n<\/div>\n<\/div>\n<\/div>\n<\/div>\n<\/div>\n<div class=\"product-attributes\">\n<div class=\"row\">\n<div class=\"columns small-12\">\n<div class=\"product-attributes__internal-wrapper\">\n<div class=\"product-attributes__item\">\n<div class=\"row\">\n<div class=\"columns small-6\">\n<ul>\n<li>Preparations: Iperespresso<\/li>\n<li>Format: Iperespresso capsules<\/li>\n<li>Longueur du cable d&#8217;alimentation :1 m<\/li>\n<li>Water tank capacity: 0.75 L<\/li>\n<li>Dimensions: (cm) 10 x 29.8 x 25.4<\/li>\n<li>Volume control: Yes<\/li>\n<li>Cup warmer: No<\/li>\n<li>Adjustable cup holder: Yes<\/li>\n<li>Warranty: 2 Years<\/li>\n<li>Voltage: 230 v<\/li>\n<li>Drip tray : Yes<\/li>\n<li>Bodywork: Plastic<\/li>\n<li>\u00c9conomie d&#8217;\u00e9nergie :Oui<\/li>\n<li>Features: Multiple preparation<\/li>\n<\/ul>\n<\/div>\n<\/div>\n<\/div>\n<\/div>\n<\/div>\n<\/div>\n<\/div>","protected":false},"excerpt":{"rendered":"<p class=\"title\"><strong>NEW Y3.3 IPERESPRESSO<\/strong><br \/>\nLa machine espresso Y3.3 a \u00e9t\u00e9 restyl\u00e9e par l&#8217;architecte Piero Lissoni,pour un r\u00e9sultat au top de la simplicit\u00e9 avec un design m\u00ealant ergonomie et lignes \u00e9pur\u00e9es.<br \/>\n<strong>MAKES A PLACE FOR ITSELF AMONG ALL YOUR FAVOURITE OBJECTS.<\/strong><br \/>\nThe new Y3.3 iperespresso coffee machine will satisfy those who want to combine the unique quality of an illy espresso with a compact design object.<br \/>\n<strong>FUNCTIONAL AND EASY TO USE<\/strong><br \/>\nThanks to the Iperespresso capsules, you can easily prepare a delicious illy espresso, with intense aromas and a smooth, persistent crema.<\/p>","protected":false},"featured_media":16085,"template":"","meta":{"inline_featured_image":false},"product_cat":[137,143,153],"product_tag":[],"_links":{"self":[{"href":"https:\/\/staging.esprit-cafe.ch\/en\/wp-json\/wp\/v2\/product\/6871"}],"collection":[{"href":"https:\/\/staging.esprit-cafe.ch\/en\/wp-json\/wp\/v2\/product"}],"about":[{"href":"https:\/\/staging.esprit-cafe.ch\/en\/wp-json\/wp\/v2\/types\/product"}],"version-history":[{"count":0,"href":"https:\/\/staging.esprit-cafe.ch\/en\/wp-json\/wp\/v2\/product\/6871\/revisions"}],"wp:featuredmedia":[{"embeddable":true,"href":"https:\/\/staging.esprit-cafe.ch\/en\/wp-json\/wp\/v2\/media\/16085"}],"wp:attachment":[{"href":"https:\/\/staging.esprit-cafe.ch\/en\/wp-json\/wp\/v2\/media?parent=6871"}],"wp:term":[{"taxonomy":"product_cat","embeddable":true,"href":"https:\/\/staging.esprit-cafe.ch\/en\/wp-json\/wp\/v2\/product_cat?post=6871"},{"taxonomy":"product_tag","embeddable":true,"href":"https:\/\/staging.esprit-cafe.ch\/en\/wp-json\/wp\/v2\/product_tag?post=6871"}],"curies":[{"name":"wp","href":"https:\/\/api.w.org\/{rel}","templated":true}]}}