{"id":6791,"date":"2020-08-10T16:17:12","date_gmt":"2020-08-10T14:17:12","guid":{"rendered":"https:\/\/staging.esprit-cafe.ch\/?post_type=product&#038;p=6791"},"modified":"2023-03-16T11:12:09","modified_gmt":"2023-03-16T10:12:09","slug":"250g-de-espresso-moulu-decafeine-en-boite","status":"publish","type":"product","link":"https:\/\/staging.esprit-cafe.ch\/en\/product\/250g-de-espresso-moulu-decafeine-en-boite\/","title":{"rendered":"250g DECAFEINE ground coffee in a tin"},"content":{"rendered":"<p>Open box durability: 7 to 10 days<\/p>\n<p>Durability closed box: 18 months<\/p>\n<h3 class=\"title\">LA PRESSURISATION: UNE EXCLUSIVIT\u00c9 ILLY<\/h3>\n<p class=\"description\">\n<p>Lorsqu&#8217;il entre en contact avec l&#8217;air, le caf\u00e9 torr\u00e9fi\u00e9 perd en 8 heures jusqu&#8217;\u00e0 40% de ses ar\u00f4mes. Pour tenter de les pr\u00e9server, on utilise habituellement la mise sous vide, inefficace. illy fait appel depuis ses d\u00e9buts \u00e0 une autre technologie extr\u00eamement efficace, brevet\u00e9e et exclusive. Un gaz inerte, l&#8217;azote, est introduit sous pression dans les bo\u00eetes illy. Les ar\u00f4mes sont ainsi emprisonn\u00e9s, fix\u00e9s et pr\u00e9serv\u00e9s pendant longtemps. A l&#8217;instar d&#8217;un bon vin, le caf\u00e9 conditionn\u00e9 dans les bo\u00eetes illy s&#8217;affine, sa rondeur se d\u00e9veloppe et il dure plus longtemps. L&#8217;azote n&#8217;est pas un additif, il se dissout imm\u00e9diatement \u00e0 l&#8217;ouverture de la bo\u00eete<\/p>","protected":false},"excerpt":{"rendered":"<h2 class=\"overlap-title\">Format D\u00e9caf\u00e9in\u00e9<\/h2>\n<p class=\"tasting-notes\">Toutes les saveurs et les ar\u00f4mes de la torr\u00e9faction moyenne, avec la caffeine non sup\u00e9rieur \u00e0 0,1%.<\/p>\n<p><strong>Bo\u00eete de 250g de caf\u00e9 moulu<\/strong><\/p>","protected":false},"featured_media":17402,"template":"","meta":{"inline_featured_image":false},"product_cat":[135,140],"product_tag":[],"_links":{"self":[{"href":"https:\/\/staging.esprit-cafe.ch\/en\/wp-json\/wp\/v2\/product\/6791"}],"collection":[{"href":"https:\/\/staging.esprit-cafe.ch\/en\/wp-json\/wp\/v2\/product"}],"about":[{"href":"https:\/\/staging.esprit-cafe.ch\/en\/wp-json\/wp\/v2\/types\/product"}],"version-history":[{"count":0,"href":"https:\/\/staging.esprit-cafe.ch\/en\/wp-json\/wp\/v2\/product\/6791\/revisions"}],"wp:featuredmedia":[{"embeddable":true,"href":"https:\/\/staging.esprit-cafe.ch\/en\/wp-json\/wp\/v2\/media\/17402"}],"wp:attachment":[{"href":"https:\/\/staging.esprit-cafe.ch\/en\/wp-json\/wp\/v2\/media?parent=6791"}],"wp:term":[{"taxonomy":"product_cat","embeddable":true,"href":"https:\/\/staging.esprit-cafe.ch\/en\/wp-json\/wp\/v2\/product_cat?post=6791"},{"taxonomy":"product_tag","embeddable":true,"href":"https:\/\/staging.esprit-cafe.ch\/en\/wp-json\/wp\/v2\/product_tag?post=6791"}],"curies":[{"name":"wp","href":"https:\/\/api.w.org\/{rel}","templated":true}]}}