{"id":16159,"date":"2023-01-23T11:03:30","date_gmt":"2023-01-23T10:03:30","guid":{"rendered":"https:\/\/staging.esprit-cafe.ch\/?post_type=product&#038;p=16159"},"modified":"2023-03-27T01:52:34","modified_gmt":"2023-03-26T23:52:34","slug":"verre-a-espresso-illy-60ml","status":"publish","type":"product","link":"https:\/\/staging.esprit-cafe.ch\/en\/product\/verre-a-espresso-illy-60ml\/","title":{"rendered":"6 Verre \u00e0 espresso illy (60ml)"},"content":{"rendered":"<p>Depuis 1992, \u00e0 partir d&#8217;une id\u00e9e de Francesco Illy, la tasse de porcelaine, dessin\u00e9e par Matteo Thun et ic\u00f4ne d\u2019illycaff\u00e8, a \u00e9t\u00e9 la surface sur laquelle se sont exprim\u00e9s plus de 70 grands artistes du panorama international de l\u2019art contemporain, de Michelangelo Pistoletto \u00e0 Marina Abramovic, de Sandro Chia \u00e0 Julian Schnabel, de Robert Rauschenberg \u00e0 Jeff Koons, de Joseph Kosuth \u00e0 James Rosenquist.<\/p>\n<p>Afin de savourer au mieux le m\u00e9lange illy, il convient de s\u2019int\u00e9resser non seulement au mat\u00e9riel le mieux adapt\u00e9 pour le transformer, mais aussi \u00e0 l\u2019ultime maillon de la cha\u00eene: le contenant qui portera le caf\u00e9 aux l\u00e8vres. Car la satisfaction extr\u00eame est aussi d\u00e9termin\u00e9e par ce contenant, dont le choix ne peut \u00eatre laiss\u00e9 au hasard.<\/p>\n<p>C\u2019est la raison pour laquelle l\u2019architecte et designer Matteo Thun a \u00e9t\u00e9 invit\u00e9 par illy en 1990 \u00e0 redessiner la tasse \u00e0 caf\u00e9 en lui conf\u00e9rant une forme unique par son design, mais aussi une tasse capable de mettre en valeur l\u2019espresso illy.<\/p>\n<p>Non seulement les petites tasses \u00e0 espresso, mais aussi les grandes tasses, les mugs et les autres instruments intervenant dans l\u2019exp\u00e9rience ont \u00e9t\u00e9 \u00e9tudi\u00e9s afin de d\u00e9guster au mieux le caf\u00e9 obtenu via le mode de pr\u00e9paration choisi (cafeti\u00e8re moka, caf\u00e9 filtre, etc.).<\/p>","protected":false},"excerpt":{"rendered":"<p>Les nouveaux verres Freddo d\u2019illy : con\u00e7us pour les espresso, et parfaits pour la illycrema et les espresso macchiato.<\/p>","protected":false},"featured_media":16162,"template":"","meta":{"inline_featured_image":false},"product_cat":[251,210],"product_tag":[],"_links":{"self":[{"href":"https:\/\/staging.esprit-cafe.ch\/en\/wp-json\/wp\/v2\/product\/16159"}],"collection":[{"href":"https:\/\/staging.esprit-cafe.ch\/en\/wp-json\/wp\/v2\/product"}],"about":[{"href":"https:\/\/staging.esprit-cafe.ch\/en\/wp-json\/wp\/v2\/types\/product"}],"version-history":[{"count":0,"href":"https:\/\/staging.esprit-cafe.ch\/en\/wp-json\/wp\/v2\/product\/16159\/revisions"}],"wp:featuredmedia":[{"embeddable":true,"href":"https:\/\/staging.esprit-cafe.ch\/en\/wp-json\/wp\/v2\/media\/16162"}],"wp:attachment":[{"href":"https:\/\/staging.esprit-cafe.ch\/en\/wp-json\/wp\/v2\/media?parent=16159"}],"wp:term":[{"taxonomy":"product_cat","embeddable":true,"href":"https:\/\/staging.esprit-cafe.ch\/en\/wp-json\/wp\/v2\/product_cat?post=16159"},{"taxonomy":"product_tag","embeddable":true,"href":"https:\/\/staging.esprit-cafe.ch\/en\/wp-json\/wp\/v2\/product_tag?post=16159"}],"curies":[{"name":"wp","href":"https:\/\/api.w.org\/{rel}","templated":true}]}}