{"id":12545,"date":"2022-10-09T21:01:16","date_gmt":"2022-10-09T19:01:16","guid":{"rendered":"https:\/\/staging.esprit-cafe.ch\/?post_type=product&#038;p=12545"},"modified":"2023-01-15T20:29:06","modified_gmt":"2023-01-15T19:29:06","slug":"x1-anniversary-inox-ese-ground-machine-a-cafe-moulu-et-dosettes-e-s-e-moulin-a-cafe","status":"publish","type":"product","link":"https:\/\/staging.esprit-cafe.ch\/en\/product\/x1-anniversary-inox-ese-ground-machine-a-cafe-moulded-and-dosettes-e-s-e-moulin-a-cafe\/","title":{"rendered":"X1 Anniversary Inox ESE &amp; Ground - E.S.E. coffee machine and pods + grinder"},"content":{"rendered":"<p>TECHNICAL CHARACTERISTICS<\/p>\n<ul>\n<li>Preparations: Espresso ground \/ E.S.E. pods<\/li>\n<li>Format: Ground espresso \/ E.S.E. pods<\/li>\n<li>Longueur du cable d&#8217;alimentation : 1 m<\/li>\n<li>Water tank capacity: 1 L<\/li>\n<li>Dimensions: (cm) 26 x 25 x 33<\/li>\n<li>Volume control: Automatic<\/li>\n<li>Cup warmer: No<\/li>\n<li>Adjustable cup holder: Yes<\/li>\n<li>Warranty: 2 Years<\/li>\n<li>Voltage: 230 v<\/li>\n<li>Bodywork: Stainless steel<\/li>\n<li>Milk emulsion: Steam nozzle<\/li>\n<li>\u00c9conomie d&#8217;\u00e9nergie : Oui<\/li>\n<li>Features: Multiple preparation<\/li>\n<\/ul>\n<p>PRODUCT SPECIFICATIONS COFFEE GRINDER<\/p>\n<ul>\n<li>Quiet technology<\/li>\n<li>ACE System<\/li>\n<li>Espresso &amp; Brew<\/li>\n<li>Ultra fast maintenance<\/li>\n<li>Patented progressive micrometric adjustment<\/li>\n<li>Hands-free fork<\/li>\n<li>RPM:1350<\/li>\n<li>Coffee grinder for all preparations<\/li>\n<\/ul>","protected":false},"excerpt":{"rendered":"<p><strong>A perfect kit for ground coffee lovers<\/strong><\/p>\n<p>Une beaut\u00e9 renouvel\u00e9e -associ\u00e9e \u00e0 la durabilit\u00e9- pour atteindre la perfection. \u00c0 la recherche de l&#8217;espresso parfait, la machine X1 Anniversaire ESE&amp;Ground a \u00e9t\u00e9 lanc\u00e9e comme une nouvelle \u00e9tape d&#8217;illy dans les machines \u00e0 caf\u00e9. Con\u00e7u par Luca Trazzi, en r\u00e9f\u00e9rence au design industriel italien des ann\u00e9es 60, c&#8217;est l&#8217;outil indispensable pour devenir barista. Moulin \u00e0 caf\u00e9 Gr\u00e2ce \u00e0 la taille compacte du moulin \u00e0 caf\u00e9 Eureka Mignon Silenzio, le moulin se sent chez lui, m\u00eame dans la plus petite des cuisines. Gr\u00e2ce \u00e0 la minuterie r\u00e9glable et aux r\u00e9glages de mouture r\u00e9glables en continu, c&#8217;est le moulin \u00e0 caf\u00e9 parfait pour le barista \u00e0 la maison exigeant. Au bas de cette page, vous trouverez des informations plus d\u00e9taill\u00e9es et les sp\u00e9cifications des deux machines.<\/p>","protected":false},"featured_media":12538,"template":"","meta":{"inline_featured_image":false},"product_cat":[137,141],"product_tag":[],"_links":{"self":[{"href":"https:\/\/staging.esprit-cafe.ch\/en\/wp-json\/wp\/v2\/product\/12545"}],"collection":[{"href":"https:\/\/staging.esprit-cafe.ch\/en\/wp-json\/wp\/v2\/product"}],"about":[{"href":"https:\/\/staging.esprit-cafe.ch\/en\/wp-json\/wp\/v2\/types\/product"}],"version-history":[{"count":0,"href":"https:\/\/staging.esprit-cafe.ch\/en\/wp-json\/wp\/v2\/product\/12545\/revisions"}],"wp:featuredmedia":[{"embeddable":true,"href":"https:\/\/staging.esprit-cafe.ch\/en\/wp-json\/wp\/v2\/media\/12538"}],"wp:attachment":[{"href":"https:\/\/staging.esprit-cafe.ch\/en\/wp-json\/wp\/v2\/media?parent=12545"}],"wp:term":[{"taxonomy":"product_cat","embeddable":true,"href":"https:\/\/staging.esprit-cafe.ch\/en\/wp-json\/wp\/v2\/product_cat?post=12545"},{"taxonomy":"product_tag","embeddable":true,"href":"https:\/\/staging.esprit-cafe.ch\/en\/wp-json\/wp\/v2\/product_tag?post=12545"}],"curies":[{"name":"wp","href":"https:\/\/api.w.org\/{rel}","templated":true}]}}