{"id":12476,"date":"2022-10-08T23:23:21","date_gmt":"2022-10-08T21:23:21","guid":{"rendered":"https:\/\/staging.esprit-cafe.ch\/?post_type=product&#038;p=12476"},"modified":"2023-03-17T11:49:52","modified_gmt":"2023-03-17T10:49:52","slug":"x1-anniversary-ese-ground-machine-a-cafe-moulu-et-dosettes-e-s-e-2","status":"publish","type":"product","link":"https:\/\/staging.esprit-cafe.ch\/en\/product\/x1-anniversary-ese-ground-machine-a-cafe-moulu-et-dosettes-e-s-e-2\/","title":{"rendered":"X1 Anniversary Red ESE &amp; Ground - E.S.E. coffee machine and pods"},"content":{"rendered":"<p>TECHNICAL CHARACTERISTICS<\/p>\n<ul>\n<li>Preparations: Espresso ground \/ E.S.E. pods<\/li>\n<li>Format: Ground espresso \/ E.S.E. pods<\/li>\n<li>Longueur du cable d&#8217;alimentation : 1 m<\/li>\n<li>Water tank capacity: 1 L<\/li>\n<li>Dimensions: (cm) 26 x 25 x 33<\/li>\n<li>Volume control: Automatic<\/li>\n<li>Cup warmer: No<\/li>\n<li>Adjustable cup holder: Yes<\/li>\n<li>Warranty: 2 Years<\/li>\n<li>Voltage: 230 v<\/li>\n<li>Bodywork: Stainless steel<\/li>\n<li>Milk emulsion: Steam nozzle<\/li>\n<li>\u00c9conomie d&#8217;\u00e9nergie : Oui<\/li>\n<li>Features: Multiple preparation<\/li>\n<\/ul>","protected":false},"excerpt":{"rendered":"<p><strong>For E.S.E. (Easy Serving Espresso) pods<\/strong><\/p>\n<p>Une beaut\u00e9 renouvel\u00e9e -associ\u00e9e \u00e0 la durabilit\u00e9- pour atteindre la perfection. \u00c0 la recherche de l&#8217;espresso parfait, la machine X1 Anniversaire ESE&amp;Ground a \u00e9t\u00e9 lanc\u00e9e comme une nouvelle \u00e9tape d&#8217;illy dans les machines \u00e0 caf\u00e9. Con\u00e7u par Luca Trazzi, en r\u00e9f\u00e9rence au design industriel italien des ann\u00e9es 60, c&#8217;est l&#8217;outil indispensable pour devenir barista.<\/p>","protected":false},"featured_media":12443,"template":"","meta":{"inline_featured_image":false},"product_cat":[137,141,142],"product_tag":[],"_links":{"self":[{"href":"https:\/\/staging.esprit-cafe.ch\/en\/wp-json\/wp\/v2\/product\/12476"}],"collection":[{"href":"https:\/\/staging.esprit-cafe.ch\/en\/wp-json\/wp\/v2\/product"}],"about":[{"href":"https:\/\/staging.esprit-cafe.ch\/en\/wp-json\/wp\/v2\/types\/product"}],"version-history":[{"count":0,"href":"https:\/\/staging.esprit-cafe.ch\/en\/wp-json\/wp\/v2\/product\/12476\/revisions"}],"wp:featuredmedia":[{"embeddable":true,"href":"https:\/\/staging.esprit-cafe.ch\/en\/wp-json\/wp\/v2\/media\/12443"}],"wp:attachment":[{"href":"https:\/\/staging.esprit-cafe.ch\/en\/wp-json\/wp\/v2\/media?parent=12476"}],"wp:term":[{"taxonomy":"product_cat","embeddable":true,"href":"https:\/\/staging.esprit-cafe.ch\/en\/wp-json\/wp\/v2\/product_cat?post=12476"},{"taxonomy":"product_tag","embeddable":true,"href":"https:\/\/staging.esprit-cafe.ch\/en\/wp-json\/wp\/v2\/product_tag?post=12476"}],"curies":[{"name":"wp","href":"https:\/\/api.w.org\/{rel}","templated":true}]}}