{"id":8931,"date":"2021-03-30T21:00:34","date_gmt":"2021-03-30T19:00:34","guid":{"rendered":"https:\/\/staging.esprit-cafe.ch\/?post_type=product&#038;p=8931"},"modified":"2023-03-28T15:39:59","modified_gmt":"2023-03-28T13:39:59","slug":"50-pads-espresso-milano-compatibles-nespresso-pro","status":"publish","type":"product","link":"https:\/\/staging.esprit-cafe.ch\/de\/product\/50-pads-espresso-milano-kompatibel-nespresso-pro\/","title":{"rendered":"50 Nespresso\u00ae Pro-kompatible Espresso Milano Pads"},"content":{"rendered":"<p style=\"text-align: left;\">Espresso:\u00a0<strong>40 ml<\/strong>\u00a0| Intensit\u00e4t:\u00a0<strong>3\/5<\/strong><\/p>","protected":false},"excerpt":{"rendered":"<p>Verpackungseinheit: 1 Packung mit 50 Pads<\/p>\n<p><strong>ESPRESSO MILANO<\/strong><\/p>\n<p>Ar\u00f4me agr\u00e9ablement doux et extr\u00eamement digestible pour l&#8217;estomac. L&#8217;acidit\u00e9 fra\u00eeche compl\u00e8te le go\u00fbt harmonieux.<br \/>\n<strong>Entkoffeiniert<\/strong> und 100% Arabica.<\/p>\n<table style=\"height: 250px;\" width=\"905\">\n<tbody>\n<tr>\n<td width=\"210\">\n<p style=\"text-align: center;\"><strong>10 <\/strong>Boxen (Packung mit 50 Pads)<br \/>\n<strong>10% <\/strong>von <strong>Reduktion<\/strong><\/p>\n<p style=\"text-align: center;\"><strong> = <\/strong><\/p>\n<p style=\"text-align: center;\">CHF <strong>20.70 <\/strong>pro Paket<\/p>\n<p style=\"text-align: center;\">Mit dem Promotionscode : <strong>PADS10<\/strong><\/p>\n<\/td>\n<td style=\"text-align: center;\" width=\"210\"><strong>20 <\/strong>Boxen (Packung mit 50 Pads)<br \/>\n<strong>15% <\/strong>von <strong>Reduktion<\/strong><\/p>\n<p><strong style=\"font-family: inherit; font-size: inherit;\">=<\/strong><\/p>\n<p>CHF<strong> 19,55<\/strong> pro Paket<\/p>\n<p>Mit dem Promotionscode : <strong>PADS20<\/strong><\/td>\n<td width=\"210\">\n<p style=\"text-align: center;\"><strong>50 <\/strong>Boxen (Packung mit 50 Pads)<br \/>\n<strong>20% <\/strong>von <strong>Reduktion<\/strong><\/p>\n<p style=\"text-align: center;\"><strong> = <\/strong><\/p>\n<p style=\"text-align: center;\">CHF <strong>18.40 <\/strong>pro Paket<\/p>\n<p style=\"text-align: center;\">Mit dem Promotionscode : <strong>PADS50<\/strong><\/p>\n<\/td>\n<\/tr>\n<\/tbody>\n<\/table>\n<p>&nbsp;<\/p>","protected":false},"featured_media":8923,"template":"","meta":{"inline_featured_image":false},"product_cat":[135,139,181],"product_tag":[],"_links":{"self":[{"href":"https:\/\/staging.esprit-cafe.ch\/de\/wp-json\/wp\/v2\/product\/8931"}],"collection":[{"href":"https:\/\/staging.esprit-cafe.ch\/de\/wp-json\/wp\/v2\/product"}],"about":[{"href":"https:\/\/staging.esprit-cafe.ch\/de\/wp-json\/wp\/v2\/types\/product"}],"version-history":[{"count":0,"href":"https:\/\/staging.esprit-cafe.ch\/de\/wp-json\/wp\/v2\/product\/8931\/revisions"}],"wp:featuredmedia":[{"embeddable":true,"href":"https:\/\/staging.esprit-cafe.ch\/de\/wp-json\/wp\/v2\/media\/8923"}],"wp:attachment":[{"href":"https:\/\/staging.esprit-cafe.ch\/de\/wp-json\/wp\/v2\/media?parent=8931"}],"wp:term":[{"taxonomy":"product_cat","embeddable":true,"href":"https:\/\/staging.esprit-cafe.ch\/de\/wp-json\/wp\/v2\/product_cat?post=8931"},{"taxonomy":"product_tag","embeddable":true,"href":"https:\/\/staging.esprit-cafe.ch\/de\/wp-json\/wp\/v2\/product_tag?post=8931"}],"curies":[{"name":"wp","href":"https:\/\/api.w.org\/{rel}","templated":true}]}}