{"id":8582,"date":"2021-02-09T17:33:24","date_gmt":"2021-02-09T16:33:24","guid":{"rendered":"https:\/\/staging.esprit-cafe.ch\/?post_type=product&#038;p=8582"},"modified":"2023-03-28T09:09:08","modified_gmt":"2023-03-28T07:09:08","slug":"250g-de-arabica-selection-ethiopie-en-grains-en-boite","status":"publish","type":"product","link":"https:\/\/staging.esprit-cafe.ch\/de\/product\/250g-de-arabica-selection-ethiopie-en-grains-en-boite\/","title":{"rendered":"250g Arabica Selection ETHIOPIA Bohnen in der Dose"},"content":{"rendered":"<p>Haltbarkeit ge\u00f6ffnete Box: 7 bis 10 Tage<\/p>\n<p>Haltbarkeit geschlossene Box: 18 Monate<\/p>\n<h3 class=\"title\">DIE DRUCKBEAUFSCHLAGUNG: EINE EXKLUSIVIT\u00c4T VON ILLY<\/h3>\n<p>Lorsqu&#8217;il entre en contact avec l&#8217;air, le caf\u00e9 torr\u00e9fi\u00e9 perd en 8 heures jusqu&#8217;\u00e0 40% de ses ar\u00f4mes. Pour tenter de les pr\u00e9server, on utilise habituellement la mise sous vide, inefficace. illy fait appel depuis ses d\u00e9buts \u00e0 une autre technologie extr\u00eamement efficace, brevet\u00e9e et exclusive. Un gaz inerte, l&#8217;azote, est introduit sous pression dans les bo\u00eetes illy. Les ar\u00f4mes sont ainsi emprisonn\u00e9s, fix\u00e9s et pr\u00e9serv\u00e9s pendant longtemps. A l&#8217;instar d&#8217;un bon vin, le caf\u00e9 conditionn\u00e9 dans les bo\u00eetes illy s&#8217;affine, sa rondeur se d\u00e9veloppe et il dure plus longtemps. L&#8217;azote n&#8217;est pas un additif, il se dissout imm\u00e9diatement \u00e0 l&#8217;ouverture de la bo\u00eete.<\/p>","protected":false},"excerpt":{"rendered":"<h2 class=\"overlap-title\">Subtiler Geschmack<\/h2>\n<p class=\"tasting-notes\">Man sagt, dass der Kaffee aus \u00c4thiopien stammt: Dort w\u00e4chst von Natur aus ein Arabica-Kaffee mit einem feinen Aroma und Noten von Jasminbl\u00fcten, die wir mit einem neuen, speziellen R\u00f6stprofil hervorheben.<\/p>\n<p><strong>250g Dose Kaffeebohnen<\/strong><\/p>","protected":false},"featured_media":8577,"template":"","meta":{"inline_featured_image":false},"product_cat":[135,140],"product_tag":[],"_links":{"self":[{"href":"https:\/\/staging.esprit-cafe.ch\/de\/wp-json\/wp\/v2\/product\/8582"}],"collection":[{"href":"https:\/\/staging.esprit-cafe.ch\/de\/wp-json\/wp\/v2\/product"}],"about":[{"href":"https:\/\/staging.esprit-cafe.ch\/de\/wp-json\/wp\/v2\/types\/product"}],"version-history":[{"count":0,"href":"https:\/\/staging.esprit-cafe.ch\/de\/wp-json\/wp\/v2\/product\/8582\/revisions"}],"wp:featuredmedia":[{"embeddable":true,"href":"https:\/\/staging.esprit-cafe.ch\/de\/wp-json\/wp\/v2\/media\/8577"}],"wp:attachment":[{"href":"https:\/\/staging.esprit-cafe.ch\/de\/wp-json\/wp\/v2\/media?parent=8582"}],"wp:term":[{"taxonomy":"product_cat","embeddable":true,"href":"https:\/\/staging.esprit-cafe.ch\/de\/wp-json\/wp\/v2\/product_cat?post=8582"},{"taxonomy":"product_tag","embeddable":true,"href":"https:\/\/staging.esprit-cafe.ch\/de\/wp-json\/wp\/v2\/product_tag?post=8582"}],"curies":[{"name":"wp","href":"https:\/\/api.w.org\/{rel}","templated":true}]}}