{"id":7521,"date":"2020-10-05T18:01:52","date_gmt":"2020-10-05T16:01:52","guid":{"rendered":"https:\/\/staging.esprit-cafe.ch\/?post_type=product&#038;p=7521"},"modified":"2023-03-27T23:26:11","modified_gmt":"2023-03-27T21:26:11","slug":"10-capsules-compatibles-intenso","status":"publish","type":"product","link":"https:\/\/staging.esprit-cafe.ch\/de\/product\/10-capsules-compatibles-intenso\/","title":{"rendered":"10 kompatible Kapseln - INTENSO"},"content":{"rendered":"<h4>Ein einzigartiger Blend, mehrere Intensit\u00e4ten.<\/h4>\n<p>Entdecken Sie alle Nuancen des einzigartigen illy 100% Arabica-Blends, der jetzt in Aluminium-Kaffeekapseln erh\u00e4ltlich ist, die mit Nespresso\u00ae*-Kaffeemaschinen kompatibel sind.<\/p>","protected":false},"excerpt":{"rendered":"<p>Der intensiv ger\u00f6stete Kaffee hat einen tiefen und vollmundigen Geschmack. Er dr\u00fcckt eine leichte Bitterkeit mit lebhaften Noten von Kakao und Trockenfr\u00fcchten aus. Um ihn in vollen Z\u00fcgen zu genie\u00dfen, empfehlen wir ein Tassenvolumen zwischen 25 und 40 ml.<\/p>","protected":false},"featured_media":7517,"template":"","meta":{"inline_featured_image":false},"product_cat":[135,139,181],"product_tag":[],"_links":{"self":[{"href":"https:\/\/staging.esprit-cafe.ch\/de\/wp-json\/wp\/v2\/product\/7521"}],"collection":[{"href":"https:\/\/staging.esprit-cafe.ch\/de\/wp-json\/wp\/v2\/product"}],"about":[{"href":"https:\/\/staging.esprit-cafe.ch\/de\/wp-json\/wp\/v2\/types\/product"}],"version-history":[{"count":0,"href":"https:\/\/staging.esprit-cafe.ch\/de\/wp-json\/wp\/v2\/product\/7521\/revisions"}],"wp:featuredmedia":[{"embeddable":true,"href":"https:\/\/staging.esprit-cafe.ch\/de\/wp-json\/wp\/v2\/media\/7517"}],"wp:attachment":[{"href":"https:\/\/staging.esprit-cafe.ch\/de\/wp-json\/wp\/v2\/media?parent=7521"}],"wp:term":[{"taxonomy":"product_cat","embeddable":true,"href":"https:\/\/staging.esprit-cafe.ch\/de\/wp-json\/wp\/v2\/product_cat?post=7521"},{"taxonomy":"product_tag","embeddable":true,"href":"https:\/\/staging.esprit-cafe.ch\/de\/wp-json\/wp\/v2\/product_tag?post=7521"}],"curies":[{"name":"wp","href":"https:\/\/api.w.org\/{rel}","templated":true}]}}