{"id":6955,"date":"2020-08-12T10:09:03","date_gmt":"2020-08-12T08:09:03","guid":{"rendered":"https:\/\/staging.esprit-cafe.ch\/?post_type=product&#038;p=6955"},"modified":"2023-03-16T13:44:15","modified_gmt":"2023-03-16T12:44:15","slug":"100-capsules-iperespresso-arabica-selection-brasile-en-emballage-individuel","status":"publish","type":"product","link":"https:\/\/staging.esprit-cafe.ch\/de\/product\/100-kapsel-kie-arabisch-auswahl-rasile-in-einzelverpackungen\/","title":{"rendered":"100 Kapseln IPERESPRESSO Arabica Selection Brasilien in Einzelverpackung"},"content":{"rendered":"<p>Haltbarkeit Singlepack ge\u00f6ffnet: 4-6 Tage<\/p>\n<p>Haltbarkeit des geschlossenen Singlepacks: 12 Monate<\/p>","protected":false},"excerpt":{"rendered":"<h2 class=\"overlap-title\">Intensiver Geschmack<\/h2>\n<p class=\"tasting-notes\">Sur les hauts plateaux du sud-est du Br\u00e9sil est cultiv\u00e9 un caf\u00e9 Arabica \u00e0 l&#8217;ar\u00f4me intense et envoutant, avec des notes savoureuses de caramel que nous r\u00e9v\u00e9lons gr\u00e2ce \u00e0 un nouveau mode de torr\u00e9faction.<\/p>\n<p class=\"tasting-notes\"><strong>Colis de 100 capsules de caf\u00e9 Iperespresso Br\u00e9sil.<\/strong><\/p>","protected":false},"featured_media":16945,"template":"","meta":{"inline_featured_image":false},"product_cat":[135,139,183,179],"product_tag":[],"_links":{"self":[{"href":"https:\/\/staging.esprit-cafe.ch\/de\/wp-json\/wp\/v2\/product\/6955"}],"collection":[{"href":"https:\/\/staging.esprit-cafe.ch\/de\/wp-json\/wp\/v2\/product"}],"about":[{"href":"https:\/\/staging.esprit-cafe.ch\/de\/wp-json\/wp\/v2\/types\/product"}],"version-history":[{"count":0,"href":"https:\/\/staging.esprit-cafe.ch\/de\/wp-json\/wp\/v2\/product\/6955\/revisions"}],"wp:featuredmedia":[{"embeddable":true,"href":"https:\/\/staging.esprit-cafe.ch\/de\/wp-json\/wp\/v2\/media\/16945"}],"wp:attachment":[{"href":"https:\/\/staging.esprit-cafe.ch\/de\/wp-json\/wp\/v2\/media?parent=6955"}],"wp:term":[{"taxonomy":"product_cat","embeddable":true,"href":"https:\/\/staging.esprit-cafe.ch\/de\/wp-json\/wp\/v2\/product_cat?post=6955"},{"taxonomy":"product_tag","embeddable":true,"href":"https:\/\/staging.esprit-cafe.ch\/de\/wp-json\/wp\/v2\/product_tag?post=6955"}],"curies":[{"name":"wp","href":"https:\/\/api.w.org\/{rel}","templated":true}]}}