{"id":6875,"date":"2020-08-11T12:03:26","date_gmt":"2020-08-11T10:03:26","guid":{"rendered":"https:\/\/staging.esprit-cafe.ch\/?post_type=product&#038;p=6875"},"modified":"2023-03-21T22:19:28","modified_gmt":"2023-03-21T21:19:28","slug":"y3-2-mie-ec-noir","status":"publish","type":"product","link":"https:\/\/staging.esprit-cafe.ch\/de\/product\/y3-2-mie-ec-noir\/","title":{"rendered":"Y3.3 IPERESPRESSO SCHWARZ ESPRESSO &amp; COFFEE"},"content":{"rendered":"<div class=\"product-specifications\">\n<div class=\"specification-wrapper\">\n<div class=\"product-specifications__internal-wrapper\">\n<div class=\"row\">\n<div class=\"columns medium-6 small-12 product-specifications__item js-product-specification-item\">\n<p style=\"text-align: left;\"><strong>Produktdetails<br \/>\n<\/strong><\/p>\n<ul>\n<li><span class=\"product-specifications__item-text\">Abnehmbare Tassenablage F\u00fcr Mugs<\/span><\/li>\n<li><span class=\"product-specifications__item-text\">\u00c9conomie D&#8217;\u00c9nergie<\/span><\/li>\n<li><span class=\"product-specifications__item-text\">Automatische Lautst\u00e4rkeregelung<\/span><\/li>\n<li><span class=\"product-specifications__item-text\">Semiautomatische Zahnsteinentfernung<\/span><\/li>\n<li><span class=\"product-specifications__item-text\">Programmierbare Menge In Tasse<\/span><\/li>\n<\/ul>\n<p style=\"text-align: left;\"><strong>Technische Daten<\/strong><\/p>\n<\/div>\n<\/div>\n<\/div>\n<\/div>\n<\/div>\n<div class=\"product-attributes\">\n<div class=\"row\">\n<div class=\"columns small-12\">\n<div class=\"product-attributes__internal-wrapper\">\n<div class=\"product-attributes__item\">\n<div class=\"row\">\n<div class=\"columns small-6\">\n<ul>\n<li>Zubereitungen: Iperespresso<\/li>\n<li>Format: Iperespresso Kapseln<\/li>\n<li>Longueur du cable d&#8217;alimentation :1 m<\/li>\n<li>Fassungsverm\u00f6gen des Wassertanks: 0,75 L<\/li>\n<li>Abmessungen: (cm) 10 x 29,8 x 25,4<\/li>\n<li>Lautst\u00e4rkeregelung: Ja<\/li>\n<li>Tassenw\u00e4rmer: Nein<\/li>\n<li>Verstellbare Tassenablage: Ja<\/li>\n<li>Garantie: 2 Jahre<\/li>\n<li>Spannung: 230 v<\/li>\n<li>Tropfenbeh\u00e4lter : Ja<\/li>\n<li>Karosserie: Kunststoff<\/li>\n<li>\u00c9conomie d&#8217;\u00e9nergie :Oui<\/li>\n<li>Funktionen: Mehrere Vorbereitungen<\/li>\n<\/ul>\n<\/div>\n<\/div>\n<\/div>\n<\/div>\n<\/div>\n<\/div>\n<\/div>","protected":false},"excerpt":{"rendered":"<p><strong>NEUER Y3.3 IPERESPRESSO<\/strong><br \/>\nLa machine espresso Y3.3 a \u00e9t\u00e9 restyl\u00e9e par l&#8217;architecte Piero Lissoni,pour un r\u00e9sultat au top de la simplicit\u00e9 avec un design m\u00ealant ergonomie et lignes \u00e9pur\u00e9es.<br \/>\n<strong>SCHAFFT SICH EINEN PLATZ ZWISCHEN ALL IHREN LIEBLINGSGEGENST\u00c4NDEN.<\/strong><br \/>\nDie neue Kaffeemaschine Y3.3 iperespresso wird all diejenigen begeistern, die die einzigartige Qualit\u00e4t eines illy-Espressos mit einem Designobjekt im kompakten Format kombinieren m\u00f6chten.<br \/>\n<strong>FUNKTIONAL UND EINFACH ZU BEDIENEN<\/strong><br \/>\nDank der Iperespresso-Kapseln k\u00f6nnen Sie mit ihr ganz einfach einen k\u00f6stlichen Illy-Espresso mit intensiven Aromen und einer cremigen, lang anhaltenden Crema zubereiten.<\/p>","protected":false},"featured_media":16080,"template":"","meta":{"inline_featured_image":false},"product_cat":[137,143,153],"product_tag":[],"_links":{"self":[{"href":"https:\/\/staging.esprit-cafe.ch\/de\/wp-json\/wp\/v2\/product\/6875"}],"collection":[{"href":"https:\/\/staging.esprit-cafe.ch\/de\/wp-json\/wp\/v2\/product"}],"about":[{"href":"https:\/\/staging.esprit-cafe.ch\/de\/wp-json\/wp\/v2\/types\/product"}],"version-history":[{"count":0,"href":"https:\/\/staging.esprit-cafe.ch\/de\/wp-json\/wp\/v2\/product\/6875\/revisions"}],"wp:featuredmedia":[{"embeddable":true,"href":"https:\/\/staging.esprit-cafe.ch\/de\/wp-json\/wp\/v2\/media\/16080"}],"wp:attachment":[{"href":"https:\/\/staging.esprit-cafe.ch\/de\/wp-json\/wp\/v2\/media?parent=6875"}],"wp:term":[{"taxonomy":"product_cat","embeddable":true,"href":"https:\/\/staging.esprit-cafe.ch\/de\/wp-json\/wp\/v2\/product_cat?post=6875"},{"taxonomy":"product_tag","embeddable":true,"href":"https:\/\/staging.esprit-cafe.ch\/de\/wp-json\/wp\/v2\/product_tag?post=6875"}],"curies":[{"name":"wp","href":"https:\/\/api.w.org\/{rel}","templated":true}]}}