{"id":6863,"date":"2020-08-11T11:47:11","date_gmt":"2020-08-11T09:47:11","guid":{"rendered":"https:\/\/staging.esprit-cafe.ch\/?post_type=product&#038;p=6863"},"modified":"2023-03-18T18:29:29","modified_gmt":"2023-03-18T17:29:29","slug":"x2-1-iperespresso-inox-steam-no-steam","status":"publish","type":"product","link":"https:\/\/staging.esprit-cafe.ch\/de\/product\/x2-1-mie-inox-steam\/","title":{"rendered":"X2 IPERESPRESSO INOX STEAM \/ NO STEAM"},"content":{"rendered":"<p>TECHNISCHE MERKMALE<\/p>\n<ul>\n<li>Ma\u00dfe: 46 x 39 x 36 cm<\/li>\n<li>\u00c4u\u00dfere Struktur: Edelstahl<\/li>\n<li>Spannung: 230V, 50Hz<\/li>\n<li>Fassungsverm\u00f6gen des Tanks: 5 Liter<\/li>\n<li>Gewicht: 25 kg<\/li>\n<li>Puissance: 3&#8217;000 Watt<\/li>\n<li><strong>Steckdose: Typ 23 \/ 16A<\/strong><\/li>\n<li>Fassungsverm\u00f6gen der Tropfschale: 1 Liter<\/li>\n<li>3 unabh\u00e4ngige Kupferkessel<\/li>\n<li>3 Pumpen mit einem Nenndruck von 15 bar<\/li>\n<li>Elektronische Temperaturkontrolle<\/li>\n<li>M\u00f6glichkeit, 4 Vorbereitungsprogramme einzustellen<\/li>\n<li>Maschine mit 2 Jahren Garantie auf Teile und Arbeit<\/li>\n<\/ul>","protected":false},"excerpt":{"rendered":"<h3><strong>Diese Maschine ist nur auf Bestellung erh\u00e4ltlich.<\/strong><\/h3>\n<p>Kapselmaschine IPERESPRESSO.<\/p>\n<p>Eine professionelle Maschine, die leicht zu warten ist und nur einen geringen Platzbedarf hat. Sie wurde von dem italienischen Designer Luca Trazzi entworfen und vereint Funktionalit\u00e4t, Sch\u00f6nheit und Modernit\u00e4t. Sie erfordert nur minimale Wartung und bietet jedem Benutzer einen au\u00dfergew\u00f6hnlichen Kaffee, der aussieht, als w\u00e4re er von einem professionellen Barista zubereitet worden.<\/p>\n<p><strong>WICHTIG:<\/strong>\u00a0\u00e0 cause de la fonction de vapeur cette machine a besoin d&#8217;un\u00a0<strong>spezieller Stromanschluss, Typ 23 \/ 16A<\/strong>. Wenden Sie sich an Ihren Elektriker, um die Kapazit\u00e4t Ihres Anschlusses zu erh\u00f6hen.<\/p>\n<p>Das Modell X2<strong>\u00a0kein Dampf<\/strong>\u00a0hat einen normalen Anschluss,\u00a0<strong>ohne Dampffunktion<\/strong>.<\/p>\n<p><strong>Jede Maschine kommt mit einem Probierset aus illy-Kapseln.<\/strong><\/p>","protected":false},"featured_media":17544,"template":"","meta":{"inline_featured_image":false},"product_cat":[137,143,152],"product_tag":[],"_links":{"self":[{"href":"https:\/\/staging.esprit-cafe.ch\/de\/wp-json\/wp\/v2\/product\/6863"}],"collection":[{"href":"https:\/\/staging.esprit-cafe.ch\/de\/wp-json\/wp\/v2\/product"}],"about":[{"href":"https:\/\/staging.esprit-cafe.ch\/de\/wp-json\/wp\/v2\/types\/product"}],"version-history":[{"count":0,"href":"https:\/\/staging.esprit-cafe.ch\/de\/wp-json\/wp\/v2\/product\/6863\/revisions"}],"wp:featuredmedia":[{"embeddable":true,"href":"https:\/\/staging.esprit-cafe.ch\/de\/wp-json\/wp\/v2\/media\/17544"}],"wp:attachment":[{"href":"https:\/\/staging.esprit-cafe.ch\/de\/wp-json\/wp\/v2\/media?parent=6863"}],"wp:term":[{"taxonomy":"product_cat","embeddable":true,"href":"https:\/\/staging.esprit-cafe.ch\/de\/wp-json\/wp\/v2\/product_cat?post=6863"},{"taxonomy":"product_tag","embeddable":true,"href":"https:\/\/staging.esprit-cafe.ch\/de\/wp-json\/wp\/v2\/product_tag?post=6863"}],"curies":[{"name":"wp","href":"https:\/\/api.w.org\/{rel}","templated":true}]}}