{"id":6855,"date":"2020-08-11T11:40:30","date_gmt":"2020-08-11T09:40:30","guid":{"rendered":"https:\/\/staging.esprit-cafe.ch\/?post_type=product&#038;p=6855"},"modified":"2023-03-27T09:12:17","modified_gmt":"2023-03-27T07:12:17","slug":"x7-1-mie-rouge","status":"publish","type":"product","link":"https:\/\/staging.esprit-cafe.ch\/de\/product\/x7-1-mie-rouge\/","title":{"rendered":"X7.1 MIE rot"},"content":{"rendered":"<p>TECHNISCHE MERKMALE<\/p>\n<ul>\n<li>Ma\u00dfe: 28 x 28 x 31 cm<\/li>\n<li>Fassungsverm\u00f6gen des Tanks: 1,2 Liter<\/li>\n<li>Gewicht: 6 kg<\/li>\n<li>Puissance: maximum 1&#8217;050 Watt<\/li>\n<li>Garantie: 2 Jahre<\/li>\n<li>Dampf- und Hei\u00dfwasserfunktion<\/li>\n<li>Tassenw\u00e4rmfunktion<\/li>\n<li>Stand-by<\/li>\n<li>Programmieren der Kaffeel\u00e4nge<\/li>\n<li>Plastikkiste<\/li>\n<\/ul>","protected":false},"excerpt":{"rendered":"<p><strong>Kapselsystem MIE (Metodo Iperespresso)<\/strong><\/p>\n<p>Mit X7.1 k\u00f6nnen Sie zu Hause konfektionieren\u00a0<strong>einen perfekten Espresso<\/strong>, comme s&#8217;il avait \u00e9t\u00e9 pr\u00e9par\u00e9 par un barista professionnel. Il suffit de placer la capsule Metodo Iperespresso (MIE) dans le logement pr\u00e9vu \u00e0 cet effet, choisir le volume de la tasse et de d\u00e9marrer le processus d&#8217;infusion par simple pression sur un bouton.<\/p>\n<p>Lors de la mise au point de l&#8217;appareil, la confection d&#8217;un espresso a fait l&#8217;objet d&#8217;une \u00e9tude approfondie dans les moindres d\u00e9tails. Le r\u00e9sultat de ces \u00e9tudes a pris la forme d&#8217;une machine qui optimise les avantages de la\u00a0<strong>Iperespresso-Kapsel<\/strong>\u00a0auf die bestm\u00f6gliche Art und Weise.<\/p>\n<p><strong>Jede Maschine wird mit einem Probierset aus Amici Caff\u00e8-Kapseln geliefert.<\/strong><\/p>","protected":false},"featured_media":6856,"template":"","meta":{"inline_featured_image":false},"product_cat":[137,143,150],"product_tag":[],"_links":{"self":[{"href":"https:\/\/staging.esprit-cafe.ch\/de\/wp-json\/wp\/v2\/product\/6855"}],"collection":[{"href":"https:\/\/staging.esprit-cafe.ch\/de\/wp-json\/wp\/v2\/product"}],"about":[{"href":"https:\/\/staging.esprit-cafe.ch\/de\/wp-json\/wp\/v2\/types\/product"}],"version-history":[{"count":0,"href":"https:\/\/staging.esprit-cafe.ch\/de\/wp-json\/wp\/v2\/product\/6855\/revisions"}],"wp:featuredmedia":[{"embeddable":true,"href":"https:\/\/staging.esprit-cafe.ch\/de\/wp-json\/wp\/v2\/media\/6856"}],"wp:attachment":[{"href":"https:\/\/staging.esprit-cafe.ch\/de\/wp-json\/wp\/v2\/media?parent=6855"}],"wp:term":[{"taxonomy":"product_cat","embeddable":true,"href":"https:\/\/staging.esprit-cafe.ch\/de\/wp-json\/wp\/v2\/product_cat?post=6855"},{"taxonomy":"product_tag","embeddable":true,"href":"https:\/\/staging.esprit-cafe.ch\/de\/wp-json\/wp\/v2\/product_tag?post=6855"}],"curies":[{"name":"wp","href":"https:\/\/api.w.org\/{rel}","templated":true}]}}