{"id":6839,"date":"2020-08-10T21:53:19","date_gmt":"2020-08-10T19:53:19","guid":{"rendered":"https:\/\/staging.esprit-cafe.ch\/?post_type=product&#038;p=6839"},"modified":"2023-03-27T16:22:40","modified_gmt":"2023-03-27T14:22:40","slug":"x1-anniversary-rouge","status":"publish","type":"product","link":"https:\/\/staging.esprit-cafe.ch\/de\/product\/x1-anniversary-rouge\/","title":{"rendered":"X1 Anniversary rot"},"content":{"rendered":"<p>TECHNISCHE MERKMALE<\/p>\n<ul>\n<li>Design: Luca Trazzi<\/li>\n<li>Abmessungen: Breite 26 cm - Tiefe 25 cm - H\u00f6he 33 cm<\/li>\n<li>Fassungsverm\u00f6gen des Tanks: 1 Liter<\/li>\n<li>Gewicht: 9 kg<\/li>\n<li>Puissance: maximum 1&#8217;050 Watt<\/li>\n<\/ul>\n<p>&nbsp;<\/p>\n<p class=\"page-product-heading\">DATENBLATT<\/p>\n<table class=\"table-data-sheet\">\n<tbody>\n<tr class=\"odd\">\n<td>Dampf-Funktion<\/td>\n<td>Ja<\/td>\n<\/tr>\n<tr class=\"even\">\n<td>Tassenw\u00e4rmer<\/td>\n<td>Ja<\/td>\n<\/tr>\n<tr class=\"odd\">\n<td>Filterhalter<\/td>\n<td>Ja<\/td>\n<\/tr>\n<tr class=\"even\">\n<td>Material<\/td>\n<td>Stahl\/Aluminum<\/td>\n<\/tr>\n<tr class=\"odd\">\n<td>Programmieren der Kaffeel\u00e4nge<\/td>\n<td>Ja<\/td>\n<\/tr>\n<\/tbody>\n<\/table>","protected":false},"excerpt":{"rendered":"<p><strong>Sy<\/strong><strong>st\u00e8me \u00e0 capsules MIE de Amici Caff\u00e8.<\/strong><\/p>\n<p>Die kultigste aller Amici-Espressomaschinen bl\u00e4st dieses Jahr zu ihrem 20-j\u00e4hrigen Jubil\u00e4um. Und um diesen wichtigen Anlass zu feiern\u00a0<strong>Geburtstag<\/strong>Der Sch\u00f6pfer der Uhr, der Designer Luca Trazzi, hat eine Neuauflage dieses legend\u00e4ren St\u00fccks entworfen.<\/p>\n<p><strong>Jede Maschine wird mit einem Probierset aus Amici Caff\u00e8-Kapseln geliefert.<\/strong><\/p>","protected":false},"featured_media":6840,"template":"","meta":{"inline_featured_image":false},"product_cat":[137,143,149],"product_tag":[],"_links":{"self":[{"href":"https:\/\/staging.esprit-cafe.ch\/de\/wp-json\/wp\/v2\/product\/6839"}],"collection":[{"href":"https:\/\/staging.esprit-cafe.ch\/de\/wp-json\/wp\/v2\/product"}],"about":[{"href":"https:\/\/staging.esprit-cafe.ch\/de\/wp-json\/wp\/v2\/types\/product"}],"version-history":[{"count":0,"href":"https:\/\/staging.esprit-cafe.ch\/de\/wp-json\/wp\/v2\/product\/6839\/revisions"}],"wp:featuredmedia":[{"embeddable":true,"href":"https:\/\/staging.esprit-cafe.ch\/de\/wp-json\/wp\/v2\/media\/6840"}],"wp:attachment":[{"href":"https:\/\/staging.esprit-cafe.ch\/de\/wp-json\/wp\/v2\/media?parent=6839"}],"wp:term":[{"taxonomy":"product_cat","embeddable":true,"href":"https:\/\/staging.esprit-cafe.ch\/de\/wp-json\/wp\/v2\/product_cat?post=6839"},{"taxonomy":"product_tag","embeddable":true,"href":"https:\/\/staging.esprit-cafe.ch\/de\/wp-json\/wp\/v2\/product_tag?post=6839"}],"curies":[{"name":"wp","href":"https:\/\/api.w.org\/{rel}","templated":true}]}}