{"id":6762,"date":"2020-08-09T17:24:16","date_gmt":"2020-08-09T15:24:16","guid":{"rendered":"https:\/\/staging.esprit-cafe.ch\/?post_type=product&#038;p=6762"},"modified":"2023-03-28T16:10:39","modified_gmt":"2023-03-28T14:10:39","slug":"100-capsules-iperespresso-classico-espresso-en-emballage-individuel","status":"publish","type":"product","link":"https:\/\/staging.esprit-cafe.ch\/de\/product\/100-kapsel-kiemen-espresso-in-einzelverpackung\/","title":{"rendered":"100 Kapseln IPERESPRESSO Classico (Espresso) in Einzelverpackung"},"content":{"rendered":"<p>Haltbarkeit Singlepack ge\u00f6ffnet: 4-6 Tage<\/p>\n<p>Haltbarkeit des geschlossenen Singlepacks: 12 Monate<\/p>","protected":false},"excerpt":{"rendered":"<h2 class=\"overlap-title\">Aroma<\/h2>\n<p class=\"tasting-notes\">En parfait \u00e9quilibre entre acidit\u00e9 et amertume, le go\u00fbt donne au blend illy une d\u00e9licate note florale, qui s&#8217;ajoute \u00e0 des senteurs de pain grill\u00e9, caramel et chocolat. Pour les amateurs de caf\u00e9 au go\u00fbt doux et harmonieux.<\/p>\n<p class=\"tasting-notes\"><strong>Packung mit 100 Iperespresso-Kaffeekapseln mit klassischem Geschmack.<\/strong><\/p>","protected":false},"featured_media":16946,"template":"","meta":{"inline_featured_image":false},"product_cat":[135,139,183,178],"product_tag":[],"_links":{"self":[{"href":"https:\/\/staging.esprit-cafe.ch\/de\/wp-json\/wp\/v2\/product\/6762"}],"collection":[{"href":"https:\/\/staging.esprit-cafe.ch\/de\/wp-json\/wp\/v2\/product"}],"about":[{"href":"https:\/\/staging.esprit-cafe.ch\/de\/wp-json\/wp\/v2\/types\/product"}],"version-history":[{"count":0,"href":"https:\/\/staging.esprit-cafe.ch\/de\/wp-json\/wp\/v2\/product\/6762\/revisions"}],"wp:featuredmedia":[{"embeddable":true,"href":"https:\/\/staging.esprit-cafe.ch\/de\/wp-json\/wp\/v2\/media\/16946"}],"wp:attachment":[{"href":"https:\/\/staging.esprit-cafe.ch\/de\/wp-json\/wp\/v2\/media?parent=6762"}],"wp:term":[{"taxonomy":"product_cat","embeddable":true,"href":"https:\/\/staging.esprit-cafe.ch\/de\/wp-json\/wp\/v2\/product_cat?post=6762"},{"taxonomy":"product_tag","embeddable":true,"href":"https:\/\/staging.esprit-cafe.ch\/de\/wp-json\/wp\/v2\/product_tag?post=6762"}],"curies":[{"name":"wp","href":"https:\/\/api.w.org\/{rel}","templated":true}]}}