{"id":17038,"date":"2023-03-11T19:54:31","date_gmt":"2023-03-11T18:54:31","guid":{"rendered":"https:\/\/staging.esprit-cafe.ch\/?post_type=product&#038;p=17038"},"modified":"2023-03-19T10:20:45","modified_gmt":"2023-03-19T09:20:45","slug":"carton-de-108-cafe-en-capsules-mie-iperespresso-arabica-selection-nicaragua","status":"publish","type":"product","link":"https:\/\/staging.esprit-cafe.ch\/de\/product\/carton-de-108-cafe-en-capsules-mie-iperespresso-arabica-selection-nicaragua\/","title":{"rendered":"Karton mit 108 Kaffeekapseln MIE \/ Iperespresso Arabica Selection NICARAGUA"},"content":{"rendered":"<p>Haltbarkeit der offenen Packung: 7-10 Tage<\/p>\n<p>Haltbarkeit der geschlossenen Verpackung: 18 Monate<\/p>","protected":false},"excerpt":{"rendered":"<p><strong>1 Karton mit 6 Beuteln \u00e0 18 Kapseln MIE\/IPERESPRESSO<\/strong><\/p>\n<p><span style=\"font-size: 2em;\">Haselnussnoten - Cremig<\/span><\/p>\n<p class=\"tasting-notes\">Lassen Sie sich von diesem in Nicaragua angebauten Kaffee mit seinem milden, cremigen Aroma und den typischen Haselnussnoten, die durch unser neues, einzigartiges R\u00f6stprofil verfeinert werden, mitrei\u00dfen. Die Packung enth\u00e4lt 18 Iperespresso-Kapseln mit Arabica Selection Nicaragua-Kaffee.<\/p>\n<p class=\"tasting-notes\"><strong>Packung mit 18 Iperespresso-Kapseln (120,6g)<\/strong><\/p>","protected":false},"featured_media":16403,"template":"","meta":{"inline_featured_image":false},"product_cat":[135,139,183,179],"product_tag":[],"_links":{"self":[{"href":"https:\/\/staging.esprit-cafe.ch\/de\/wp-json\/wp\/v2\/product\/17038"}],"collection":[{"href":"https:\/\/staging.esprit-cafe.ch\/de\/wp-json\/wp\/v2\/product"}],"about":[{"href":"https:\/\/staging.esprit-cafe.ch\/de\/wp-json\/wp\/v2\/types\/product"}],"version-history":[{"count":0,"href":"https:\/\/staging.esprit-cafe.ch\/de\/wp-json\/wp\/v2\/product\/17038\/revisions"}],"wp:featuredmedia":[{"embeddable":true,"href":"https:\/\/staging.esprit-cafe.ch\/de\/wp-json\/wp\/v2\/media\/16403"}],"wp:attachment":[{"href":"https:\/\/staging.esprit-cafe.ch\/de\/wp-json\/wp\/v2\/media?parent=17038"}],"wp:term":[{"taxonomy":"product_cat","embeddable":true,"href":"https:\/\/staging.esprit-cafe.ch\/de\/wp-json\/wp\/v2\/product_cat?post=17038"},{"taxonomy":"product_tag","embeddable":true,"href":"https:\/\/staging.esprit-cafe.ch\/de\/wp-json\/wp\/v2\/product_tag?post=17038"}],"curies":[{"name":"wp","href":"https:\/\/api.w.org\/{rel}","templated":true}]}}