{"id":16282,"date":"2023-01-25T18:13:29","date_gmt":"2023-01-25T17:13:29","guid":{"rendered":"https:\/\/staging.esprit-cafe.ch\/?post_type=product&#038;p=16282"},"modified":"2023-03-27T01:07:46","modified_gmt":"2023-03-26T23:07:46","slug":"mousseur-a-lait-electrique-noir-illy","status":"publish","type":"product","link":"https:\/\/staging.esprit-cafe.ch\/de\/product\/mousseur-a-lait-electrique-noir-illy\/","title":{"rendered":"Mousseur \u00e0 lait \u00e9lectrique noir illy"},"content":{"rendered":"","protected":false},"excerpt":{"rendered":"<p>Le Mousseur \u00e0 lait illy est le mousseur \u00e0 lait \u00e9lectrique id\u00e9al pour pr\u00e9parer vos pr\u00e9parations \u00e0 base de lait, chaudes ou froides, y compris le chocolat. Son design \u00e9l\u00e9gant, ses commandes tactiles et son rev\u00eatement peint am\u00e9lioreront votre exp\u00e9rience, tout en donnant du style \u00e0 votre cr\u00e9ativit\u00e9<\/p>","protected":false},"featured_media":16290,"template":"","meta":{"inline_featured_image":false},"product_cat":[251,253,210],"product_tag":[],"_links":{"self":[{"href":"https:\/\/staging.esprit-cafe.ch\/de\/wp-json\/wp\/v2\/product\/16282"}],"collection":[{"href":"https:\/\/staging.esprit-cafe.ch\/de\/wp-json\/wp\/v2\/product"}],"about":[{"href":"https:\/\/staging.esprit-cafe.ch\/de\/wp-json\/wp\/v2\/types\/product"}],"version-history":[{"count":0,"href":"https:\/\/staging.esprit-cafe.ch\/de\/wp-json\/wp\/v2\/product\/16282\/revisions"}],"wp:featuredmedia":[{"embeddable":true,"href":"https:\/\/staging.esprit-cafe.ch\/de\/wp-json\/wp\/v2\/media\/16290"}],"wp:attachment":[{"href":"https:\/\/staging.esprit-cafe.ch\/de\/wp-json\/wp\/v2\/media?parent=16282"}],"wp:term":[{"taxonomy":"product_cat","embeddable":true,"href":"https:\/\/staging.esprit-cafe.ch\/de\/wp-json\/wp\/v2\/product_cat?post=16282"},{"taxonomy":"product_tag","embeddable":true,"href":"https:\/\/staging.esprit-cafe.ch\/de\/wp-json\/wp\/v2\/product_tag?post=16282"}],"curies":[{"name":"wp","href":"https:\/\/api.w.org\/{rel}","templated":true}]}}