{"id":13867,"date":"2022-12-06T10:30:44","date_gmt":"2022-12-06T09:30:44","guid":{"rendered":"https:\/\/staging.esprit-cafe.ch\/?post_type=product&#038;p=13867"},"modified":"2023-03-22T15:16:11","modified_gmt":"2023-03-22T14:16:11","slug":"illy-easy-blanche-machine-a-cafe-dosettes-e-s-e","status":"publish","type":"product","link":"https:\/\/staging.esprit-cafe.ch\/de\/product\/illy-easy-blanche-machine-a-cafe-dosettes-e-s-e\/","title":{"rendered":"illy EASY Wei\u00df - E.S.E. Kaffeepadmaschine"},"content":{"rendered":"<p>TECHNISCHE MERKMALE<\/p>\n<ul>\n<li>Zubereitungen : E.S.E. Pods<\/li>\n<li>Format: Pads E.S.E.<\/li>\n<li>Longueur du cable d&#8217;alimentation : 1 m<\/li>\n<li>Kapazit\u00e4t des Wassertanks: 1 L<\/li>\n<li>Ma\u00dfe: (cm) 11 x 32 x 26<\/li>\n<li>Verstellbare Tassenablage: Ja<\/li>\n<li>Garantie: 1 Jahr<\/li>\n<li>Spannung: 230 v<\/li>\n<li>Karosserie: Kunststoff<\/li>\n<li>\u00c9conomie d&#8217;\u00e9nergie : Oui<\/li>\n<li>Features: Nur Espresso (Lungo)<\/li>\n<\/ul>","protected":false},"excerpt":{"rendered":"<p><strong>F\u00fcr E.S.E.-Pads (Easy Serving Espresso)<\/strong><\/p>\n<p>Machine \u00e0 dosettes en papier E.S.E., optimis\u00e9e pour r\u00e9pondre aux standards de qualit\u00e9 illy en tasse d\u00e8s le premier caf\u00e9. Les deux boutons d&#8217;infusion permettent de choisir entre un caf\u00e9 espresso ou un caf\u00e9 lungo. L&#8217;utilisation est simple et intuitive : la dosette est introduite par le haut et expuls\u00e9e dans le bac. Sa taille compacte maximise le confort d&#8217;utilisation.<\/p>","protected":false},"featured_media":13879,"template":"","meta":{"inline_featured_image":false},"product_cat":[137,142],"product_tag":[],"_links":{"self":[{"href":"https:\/\/staging.esprit-cafe.ch\/de\/wp-json\/wp\/v2\/product\/13867"}],"collection":[{"href":"https:\/\/staging.esprit-cafe.ch\/de\/wp-json\/wp\/v2\/product"}],"about":[{"href":"https:\/\/staging.esprit-cafe.ch\/de\/wp-json\/wp\/v2\/types\/product"}],"version-history":[{"count":0,"href":"https:\/\/staging.esprit-cafe.ch\/de\/wp-json\/wp\/v2\/product\/13867\/revisions"}],"wp:featuredmedia":[{"embeddable":true,"href":"https:\/\/staging.esprit-cafe.ch\/de\/wp-json\/wp\/v2\/media\/13879"}],"wp:attachment":[{"href":"https:\/\/staging.esprit-cafe.ch\/de\/wp-json\/wp\/v2\/media?parent=13867"}],"wp:term":[{"taxonomy":"product_cat","embeddable":true,"href":"https:\/\/staging.esprit-cafe.ch\/de\/wp-json\/wp\/v2\/product_cat?post=13867"},{"taxonomy":"product_tag","embeddable":true,"href":"https:\/\/staging.esprit-cafe.ch\/de\/wp-json\/wp\/v2\/product_tag?post=13867"}],"curies":[{"name":"wp","href":"https:\/\/api.w.org\/{rel}","templated":true}]}}