{"id":12481,"date":"2022-10-08T23:32:44","date_gmt":"2022-10-08T21:32:44","guid":{"rendered":"https:\/\/staging.esprit-cafe.ch\/?post_type=product&#038;p=12481"},"modified":"2023-03-24T12:13:51","modified_gmt":"2023-03-24T11:13:51","slug":"x1-anniversary-noir-ese-ground-machine-a-cafe-moulu-et-dosettes-e-s-e","status":"publish","type":"product","link":"https:\/\/staging.esprit-cafe.ch\/de\/product\/x1-anniversary-schwarz-ese-ground-machine-a-cafe-moulu-et-dosettes-e-s-e\/","title":{"rendered":"X1 Anniversary Schwarz ESE &amp; Ground - E.S.E. Kaffeemaschine f\u00fcr gemahlenen Kaffee und Pads"},"content":{"rendered":"<p>TECHNISCHE MERKMALE<\/p>\n<ul>\n<li>Zubereitungen: Gemahlener Espresso \/ E.S.E.-Pads<\/li>\n<li>Format: Gemahlener Espresso \/ E.S.E.-Pads<\/li>\n<li>Longueur du cable d&#8217;alimentation : 1 m<\/li>\n<li>Kapazit\u00e4t des Wassertanks: 1 L<\/li>\n<li>Ma\u00dfe: (cm) 26 x 25 x 33<\/li>\n<li>Lautst\u00e4rkeregelung: Automatisch<\/li>\n<li>Tassenw\u00e4rmer: Nein<\/li>\n<li>Verstellbare Tassenablage: Ja<\/li>\n<li>Garantie: 2 Jahre<\/li>\n<li>Spannung: 230 v<\/li>\n<li>Karosserie: Edelstahl<\/li>\n<li>Emulgieren der Milch: Dampfd\u00fcse<\/li>\n<li>\u00c9conomie d&#8217;\u00e9nergie : Oui<\/li>\n<li>Funktionen: Mehrere Vorbereitungen<\/li>\n<\/ul>","protected":false},"excerpt":{"rendered":"<p><strong>F\u00fcr E.S.E.-Pads (Easy Serving Espresso)<\/strong><\/p>\n<p>Une beaut\u00e9 renouvel\u00e9e -associ\u00e9e \u00e0 la durabilit\u00e9- pour atteindre la perfection. \u00c0 la recherche de l&#8217;espresso parfait, la machine X1 Anniversaire ESE&amp;Ground a \u00e9t\u00e9 lanc\u00e9e comme une nouvelle \u00e9tape d&#8217;illy dans les machines \u00e0 caf\u00e9. Con\u00e7u par Luca Trazzi, en r\u00e9f\u00e9rence au design industriel italien des ann\u00e9es 60, c&#8217;est l&#8217;outil indispensable pour devenir barista.<\/p>","protected":false},"featured_media":12448,"template":"","meta":{"inline_featured_image":false},"product_cat":[137,141,142],"product_tag":[],"_links":{"self":[{"href":"https:\/\/staging.esprit-cafe.ch\/de\/wp-json\/wp\/v2\/product\/12481"}],"collection":[{"href":"https:\/\/staging.esprit-cafe.ch\/de\/wp-json\/wp\/v2\/product"}],"about":[{"href":"https:\/\/staging.esprit-cafe.ch\/de\/wp-json\/wp\/v2\/types\/product"}],"version-history":[{"count":0,"href":"https:\/\/staging.esprit-cafe.ch\/de\/wp-json\/wp\/v2\/product\/12481\/revisions"}],"wp:featuredmedia":[{"embeddable":true,"href":"https:\/\/staging.esprit-cafe.ch\/de\/wp-json\/wp\/v2\/media\/12448"}],"wp:attachment":[{"href":"https:\/\/staging.esprit-cafe.ch\/de\/wp-json\/wp\/v2\/media?parent=12481"}],"wp:term":[{"taxonomy":"product_cat","embeddable":true,"href":"https:\/\/staging.esprit-cafe.ch\/de\/wp-json\/wp\/v2\/product_cat?post=12481"},{"taxonomy":"product_tag","embeddable":true,"href":"https:\/\/staging.esprit-cafe.ch\/de\/wp-json\/wp\/v2\/product_tag?post=12481"}],"curies":[{"name":"wp","href":"https:\/\/api.w.org\/{rel}","templated":true}]}}